{"id":2475,"date":"2026-03-07T19:47:58","date_gmt":"2026-03-07T19:47:58","guid":{"rendered":"https:\/\/www.haldexserwis.eu\/?post_type=product&#038;p=2475"},"modified":"2026-04-15T11:34:00","modified_gmt":"2026-04-15T11:34:00","slug":"naprawa-sterownika-dsg-dq500-0bh-0bt-continental-vw","status":"publish","type":"product","link":"https:\/\/www.haldexserwis.eu\/index.php\/produkt\/naprawa-sterownika-dsg-dq500-0bh-0bt-continental-vw\/","title":{"rendered":"Naprawa sterownika DSG DQ500 (0BH \/ 0BT) Continental VW"},"content":{"rendered":"<h3 class=\"\" data-start=\"0\" data-end=\"58\"><strong data-start=\"4\" data-end=\"56\">Wa\u017cne informacje dotycz\u0105ce realizacji zam\u00f3wienia<\/strong><\/h3>\n<p class=\"\" data-start=\"60\" data-end=\"345\">Po z\u0142o\u017ceniu zam\u00f3wienia otrzymasz e-mail z adresem, na kt\u00f3ry nale\u017cy wys\u0142a\u0107 uszkodzony sterownik. <strong>Prosimy, aby zapisa\u0107 numer zam\u00f3wienia na kartce i wys\u0142a\u0107 j\u0105 razem ze sterownikiem na wskazany adres.<\/strong> \u00a0Alternatywnie \u2013 i jest to zalecane \u2013 mo\u017cna wydrukowa\u0107 tego e-maila i wys\u0142a\u0107 go razem ze sterownikiem do nas.<\/p>\n<p class=\"\" data-start=\"347\" data-end=\"401\">\ud83d\udd27 <strong data-start=\"350\" data-end=\"399\">Standardowy czas naprawy wynosi 48\u201372 godziny.<\/strong><\/p>\n<h3 data-start=\"557\" data-end=\"591\">Typowe usterki skrzyni DQ500<\/h3>\n<p data-start=\"592\" data-end=\"631\"><em data-start=\"592\" data-end=\"631\">(diagnostyka i naprawa mo\u017cliwe u nas)<\/em><\/p>\n<ul data-start=\"633\" data-end=\"1107\">\n<li data-start=\"633\" data-end=\"699\">\n<p data-start=\"635\" data-end=\"699\"><strong data-start=\"635\" data-end=\"652\">P0607 (10658)<\/strong> \u2013 nieprawid\u0142owe dzia\u0142anie modu\u0142u steruj\u0105cego<\/p>\n<\/li>\n<li data-start=\"700\" data-end=\"766\">\n<p data-start=\"702\" data-end=\"766\"><strong data-start=\"702\" data-end=\"719\">P0607 (10662)<\/strong> \u2013 nieprawid\u0142owe dzia\u0142anie modu\u0142u steruj\u0105cego<\/p>\n<\/li>\n<li data-start=\"767\" data-end=\"817\">\n<p data-start=\"769\" data-end=\"817\"><strong data-start=\"769\" data-end=\"789\">P0607-00 (10660)<\/strong> \u2013 b\u0142\u0105d funkcji sterownika<\/p>\n<\/li>\n<li data-start=\"818\" data-end=\"922\">\n<p data-start=\"820\" data-end=\"922\"><strong data-start=\"820\" data-end=\"837\">P0716 (17100)<\/strong> \u2013 czujnik pr\u0119dko\u015bci wa\u0142ka wej\u015bciowego skrzyni bieg\u00f3w (G182) \u2013 sygna\u0142 nieprawid\u0142owy<\/p>\n<\/li>\n<li data-start=\"923\" data-end=\"997\">\n<p data-start=\"925\" data-end=\"997\"><strong data-start=\"925\" data-end=\"937\">P0850-00<\/strong> \u2013 b\u0142\u0105d sygna\u0142u P\/N (b\u0142\u0105d zapisywany w sterowniku silnika)<\/p>\n<\/li>\n<li data-start=\"998\" data-end=\"1052\">\n<p data-start=\"1000\" data-end=\"1052\"><strong data-start=\"1000\" data-end=\"1009\">P176A<\/strong> \u2013 nadz\u00f3r biegu: 1. bieg \u2013 brak regulacji<\/p>\n<\/li>\n<li data-start=\"1053\" data-end=\"1107\">\n<p data-start=\"1055\" data-end=\"1107\"><strong data-start=\"1055\" data-end=\"1064\">P176B<\/strong> \u2013 nadz\u00f3r biegu: 2. bieg \u2013 brak regulacji<\/p>\n<\/li>\n<\/ul>\n<h3 class=\"\" data-start=\"403\" data-end=\"457\"><strong data-start=\"407\" data-end=\"455\">Je\u015bli sterownik DQ500 nie wykazuje usterek:<\/strong><\/h3>\n<p class=\"\" data-start=\"458\" data-end=\"875\">Skontaktujemy si\u0119 z Tob\u0105, a po Twoim potwierdzeniu <strong>zam\u00f3wienie zostanie <span data-huuid=\"6752442933606678908\">zaktualizowane. <\/span><\/strong>Nast\u0119pnie sterownik zostanie odes\u0142any do Ciebie kurierem lub do paczkomatu. Koszt takiej us\u0142ugi wynosi 120 z\u0142.<\/p>\n<h3 class=\"\" data-start=\"877\" data-end=\"920\"><strong data-start=\"881\" data-end=\"918\">Sterowniki skrzyni nienaprawialne:<\/strong><\/h3>\n<p class=\"\" data-start=\"921\" data-end=\"1076\">Je\u015bli Tw\u00f3j sterownik DQ500 jest <strong data-start=\"954\" data-end=\"1007\">powa\u017cnie uszkodzony lub nie nadaje si\u0119 do naprawy<\/strong>, skontaktujemy si\u0119 z Tob\u0105 telefonicznie, aby om\u00f3wi\u0107 mo\u017cliwe opcje.<\/p>\n<h3 class=\"\" data-start=\"877\" data-end=\"920\"><strong data-start=\"881\" data-end=\"918\">Okres Gwarancyjny:<\/strong><\/h3>\n<p data-start=\"921\" data-end=\"1076\">Oferujemy 12-miesi\u0119czn\u0105 gwarancj\u0119 na napraw\u0119 sterownika skrzyni, pod warunkiem prawid\u0142owej eksploatacji oraz serwisu skrzyni (np. regularnej wymiany oleju). W niekt\u00f3rych przypadkach gwarancja mo\u017ce zosta\u0107 skr\u00f3cona lub wyd\u0142u\u017cona \u2013 klient zostanie o tym poinformowany. Pragniemy r\u00f3wnie\u017c zapewni\u0107 Pa\u0144stwa i\u017c z naszego do\u015bwiadczenia wynika, \u017ce naprawione przez nas sterowniki dzia\u0142aj\u0105 niezawodnie przez d\u0142ugie lata.<\/p>\n<h3 class=\"\" data-start=\"877\" data-end=\"920\"><strong data-start=\"881\" data-end=\"918\">Dodatkowo:<\/strong><\/h3>\n<p data-start=\"0\" data-end=\"195\"><strong data-start=\"0\" data-end=\"9\">DQ500<\/strong> to elektronicznie sterowana <strong data-start=\"38\" data-end=\"92\">7-biegowa skrzynia bieg\u00f3w typu DSG (dwusprz\u0119g\u0142owa)<\/strong> opracowana przez <strong data-start=\"110\" data-end=\"124\">Volkswagen<\/strong>, zdolna do przenoszenia maksymalnego momentu obrotowego do <strong data-start=\"184\" data-end=\"194\">600 Nm<\/strong>.<\/p>\n<p data-start=\"197\" data-end=\"429\">Skrzynia <strong data-start=\"206\" data-end=\"215\">DQ500<\/strong> stosowana jest w wielu modelach pojazd\u00f3w koncernu <strong data-start=\"266\" data-end=\"283\">Volkswagen AG<\/strong>, w tym w SUV-ach oraz samochodach o podwy\u017cszonej mocy. Mo\u017ce wsp\u00f3\u0142pracowa\u0107 tak\u017ce z pojazdami wyposa\u017conymi w <strong data-start=\"391\" data-end=\"428\">nap\u0119d na wszystkie ko\u0142a (4Motion)<\/strong>.<\/p>\n<h3 data-start=\"431\" data-end=\"481\">Przyk\u0142adowe modele wyposa\u017cone w skrzyni\u0119 DQ500<\/h3>\n<ul data-start=\"482\" data-end=\"550\">\n<li data-start=\"482\" data-end=\"495\">\n<p data-start=\"484\" data-end=\"495\">VW Golf R<\/p>\n<\/li>\n<li data-start=\"496\" data-end=\"509\">\n<p data-start=\"498\" data-end=\"509\">VW Tiguan<\/p>\n<\/li>\n<li data-start=\"510\" data-end=\"536\">\n<p data-start=\"512\" data-end=\"536\">VW T5 Facelift oraz T6<\/p>\n<\/li>\n<li data-start=\"537\" data-end=\"550\">\n<p data-start=\"539\" data-end=\"550\">VW Amarok<\/p>\n<\/li>\n<\/ul>\n<h3 class=\"\" data-start=\"355\" data-end=\"380\"><strong data-start=\"359\" data-end=\"378\">Proces naprawy sterownik\u00f3w skrzyni VW DQ500:<\/strong><\/h3>\n<ol data-start=\"382\" data-end=\"1281\">\n<li class=\"\" data-start=\"382\" data-end=\"652\">\n<p class=\"\" data-start=\"385\" data-end=\"652\"><strong data-start=\"385\" data-end=\"406\">Wst\u0119pna diagnoza:<\/strong><br data-start=\"406\" data-end=\"409\" \/>Rozpoczynamy od wizualnej inspekcji oraz test\u00f3w sterownika, aby oceni\u0107 jego stan i mo\u017cliwo\u015b\u0107 naprawy. Je\u015bli sterownik jest powa\u017cnie uszkodzony, zaproponujemy alternatywne rozwi\u0105zania, np. wymian\u0119 na now\u0105 lub regenerowan\u0105 jednostk\u0119.<\/p>\n<\/li>\n<li class=\"\" data-start=\"654\" data-end=\"918\">\n<p class=\"\" data-start=\"657\" data-end=\"918\"><strong data-start=\"657\" data-end=\"681\">Naprawa:<\/strong><br data-start=\"681\" data-end=\"684\" \/>Nasi specjali\u015bci dok\u0142adnie naprawiaj\u0105 sterownik dbaj\u0105c o ka\u017cdy szczeg\u00f3\u0142, aby zapewni\u0107 optymaln\u0105 wydajno\u015b\u0107 i sprawdzaj\u0105 pod k\u0105tem usterek.<\/p>\n<\/li>\n<li class=\"\" data-start=\"920\" data-end=\"1117\"><strong data-start=\"1122\" data-end=\"1139\">Test ko\u0144cowy:<\/strong><br data-start=\"1139\" data-end=\"1142\" \/>Przed wysy\u0142k\u0105 przeprowadzamy ostateczne testy, aby upewni\u0107 si\u0119, \u017ce sterownik dzia\u0142a bez zarzutu i funkcjonuje prawid\u0142owo.<\/li>\n<\/ol>\n","protected":false},"excerpt":{"rendered":"<p class=\"\" data-start=\"277\" data-end=\"408\">\u2705 Szybka realizacja i ekspresowa wysy\u0142ka (w 48 &#8211; 72 godziny)<br data-start=\"317\" data-end=\"320\" \/>\u2705 Profesjonalna regeneracja i zabezpieczenie<br data-start=\"364\" data-end=\"367\" \/>\u2705 Fachowe doradztwo i gwarancja jako\u015bci<\/p>\n<p data-start=\"277\" data-end=\"408\">UWAGA! Po przeprowadzeniu przez nas <strong data-start=\"1385\" data-end=\"1432\">diagnostyki i naprawy skrzyni DQ381 \/ DQ500<\/strong>, po jej monta\u017cu w poje\u017adzie konieczne jest wykonanie <strong data-start=\"1486\" data-end=\"1576\">adaptacji podstawowej (tzw. ustawienia podstawowego) za pomoc\u0105 testera diagnostycznego<\/strong>.<\/p>\n<p class=\"\" data-start=\"410\" data-end=\"482\">\ud83d\udcde Pozostajemy do dyspozycji w razie jakichkolwiek w\u0105tpliwo\u015bci i konieczno\u015bci udzielenia\u00a0 <a href=\"https:\/\/www.haldexserwis.eu\/index.php\/kontakt\/\" target=\"_blank\" rel=\"nofollow noopener\">dodatkowych informacji<\/a>.<\/p>\n<p>Co wchodzi w sk\u0142ad us\u0142ugi:<\/p>\n<p>\u2714\ufe0f Diagnostyka sterownika<br \/>\n\u2714\ufe0f Naprawa oraz sprawdzenie sterownika<br \/>\n\u2714\ufe0f Wysy\u0142ka kurierska lub paczkomat na \u017cyczenie klienta<\/p>\n","protected":false},"featured_media":2476,"template":"","meta":[],"product_brand":[],"product_cat":[30],"product_tag":[],"class_list":{"0":"post-2475","1":"product","2":"type-product","3":"status-publish","4":"has-post-thumbnail","6":"product_cat-regeneracja-dsg","8":"first","9":"instock","10":"shipping-taxable","11":"purchasable","12":"product-type-simple"},"_links":{"self":[{"href":"https:\/\/www.haldexserwis.eu\/index.php\/wp-json\/wp\/v2\/product\/2475","targetHints":{"allow":["GET"]}}],"collection":[{"href":"https:\/\/www.haldexserwis.eu\/index.php\/wp-json\/wp\/v2\/product"}],"about":[{"href":"https:\/\/www.haldexserwis.eu\/index.php\/wp-json\/wp\/v2\/types\/product"}],"wp:featuredmedia":[{"embeddable":true,"href":"https:\/\/www.haldexserwis.eu\/index.php\/wp-json\/wp\/v2\/media\/2476"}],"wp:attachment":[{"href":"https:\/\/www.haldexserwis.eu\/index.php\/wp-json\/wp\/v2\/media?parent=2475"}],"wp:term":[{"taxonomy":"product_brand","embeddable":true,"href":"https:\/\/www.haldexserwis.eu\/index.php\/wp-json\/wp\/v2\/product_brand?post=2475"},{"taxonomy":"product_cat","embeddable":true,"href":"https:\/\/www.haldexserwis.eu\/index.php\/wp-json\/wp\/v2\/product_cat?post=2475"},{"taxonomy":"product_tag","embeddable":true,"href":"https:\/\/www.haldexserwis.eu\/index.php\/wp-json\/wp\/v2\/product_tag?post=2475"}],"curies":[{"name":"wp","href":"https:\/\/api.w.org\/{rel}","templated":true}]}}