{"id":2473,"date":"2026-03-07T19:29:56","date_gmt":"2026-03-07T19:29:56","guid":{"rendered":"https:\/\/www.haldexserwis.eu\/?post_type=product&#038;p=2473"},"modified":"2026-04-15T11:33:05","modified_gmt":"2026-04-15T11:33:05","slug":"naprawa-sterownika-dsg-dq381-dq500-0cg-0dl-bosch","status":"publish","type":"product","link":"https:\/\/www.haldexserwis.eu\/index.php\/produkt\/naprawa-sterownika-dsg-dq381-dq500-0cg-0dl-bosch\/","title":{"rendered":"Naprawa sterownika DSG DQ381 \/ DQ500 (0GC \/ 0DL) Bosch VW Audi Skoda Seat Cupra"},"content":{"rendered":"<h3 class=\"\" data-start=\"0\" data-end=\"58\"><strong data-start=\"4\" data-end=\"56\">Wa\u017cne informacje dotycz\u0105ce realizacji zam\u00f3wienia<\/strong><\/h3>\n<p class=\"\" data-start=\"60\" data-end=\"345\">Po z\u0142o\u017ceniu zam\u00f3wienia otrzymasz e-mail z adresem, na kt\u00f3ry nale\u017cy wys\u0142a\u0107 uszkodzony sterownik. <strong>Prosimy, aby zapisa\u0107 numer zam\u00f3wienia na kartce i wys\u0142a\u0107 j\u0105 razem ze sterownikiem na wskazany adres.<\/strong> \u00a0Alternatywnie \u2013 i jest to zalecane \u2013 mo\u017cna wydrukowa\u0107 tego e-maila i wys\u0142a\u0107 go razem ze sterownikiem do nas.<\/p>\n<p class=\"\" data-start=\"347\" data-end=\"401\">\ud83d\udd27 <strong data-start=\"350\" data-end=\"399\">Standardowy czas naprawy wynosi 48\u201372 godziny.<\/strong><\/p>\n<h3 data-start=\"328\" data-end=\"369\">Typowe usterki skrzy\u0144 DQ381 \/ DQ500<\/h3>\n<p data-start=\"370\" data-end=\"409\"><em data-start=\"370\" data-end=\"409\">(diagnostyka i naprawa mo\u017cliwe u nas)<\/em><\/p>\n<ul data-start=\"411\" data-end=\"622\">\n<li data-start=\"411\" data-end=\"478\">\n<p data-start=\"413\" data-end=\"478\"><strong data-start=\"413\" data-end=\"422\">P0805<\/strong> \u2013 nieprawid\u0142owe dzia\u0142anie czujnika po\u0142o\u017cenia sprz\u0119g\u0142a<\/p>\n<\/li>\n<li data-start=\"479\" data-end=\"550\">\n<p data-start=\"481\" data-end=\"550\"><strong data-start=\"481\" data-end=\"498\">P1735 (10666)<\/strong> \u2013 czujnik po\u0142o\u017cenia sprz\u0119g\u0142a 1 \u2013 b\u0142\u0105d elektryczny<\/p>\n<\/li>\n<li data-start=\"551\" data-end=\"622\">\n<p data-start=\"553\" data-end=\"622\"><strong data-start=\"553\" data-end=\"570\">P1736 (10668)<\/strong> \u2013 czujnik po\u0142o\u017cenia sprz\u0119g\u0142a 2 \u2013 b\u0142\u0105d elektryczny<\/p>\n<\/li>\n<\/ul>\n<p>&nbsp;<\/p>\n<h3 data-start=\"629\" data-end=\"699\">B\u0142\u0119dy DQ381 \/ DQ500, kt\u00f3rych przyczyny nale\u017cy szuka\u0107 w samochodzie<\/h3>\n<ul data-start=\"701\" data-end=\"951\">\n<li data-start=\"701\" data-end=\"768\">\n<p data-start=\"703\" data-end=\"768\"><strong data-start=\"703\" data-end=\"720\">P0C29 (35494)<\/strong> \u2013 dodatkowa pompa hydrauliczna skrzyni bieg\u00f3w<\/p>\n<\/li>\n<li data-start=\"769\" data-end=\"819\">\n<p data-start=\"771\" data-end=\"819\"><strong data-start=\"771\" data-end=\"780\">P175D<\/strong> \u2013 sprz\u0119g\u0142o 1 otwiera si\u0119 samoczynnie<\/p>\n<\/li>\n<li data-start=\"820\" data-end=\"870\">\n<p data-start=\"822\" data-end=\"870\"><strong data-start=\"822\" data-end=\"831\">P176E<\/strong> \u2013 sprz\u0119g\u0142o 2 otwiera si\u0119 samoczynnie<\/p>\n<\/li>\n<li data-start=\"871\" data-end=\"951\">\n<p data-start=\"873\" data-end=\"951\"><strong data-start=\"873\" data-end=\"882\">P0928<\/strong> \u2013 elektromagnes blokady d\u017awigni zmiany bieg\u00f3w \u2013 przerwa w obwodzie<\/p>\n<\/li>\n<\/ul>\n<h3 class=\"\" data-start=\"403\" data-end=\"457\"><strong data-start=\"407\" data-end=\"455\">Je\u015bli sterownik DQ381 \/ DQ500 nie wykazuje usterek:<\/strong><\/h3>\n<p class=\"\" data-start=\"458\" data-end=\"875\">Skontaktujemy si\u0119 z Tob\u0105, a po Twoim potwierdzeniu <strong>zam\u00f3wienie zostanie <span data-huuid=\"6752442933606678908\">zaktualizowane. <\/span><\/strong>Nast\u0119pnie sterownik zostanie odes\u0142any do Ciebie kurierem lub do paczkomatu. Koszt takiej us\u0142ugi wynosi 120 z\u0142.<\/p>\n<h3 class=\"\" data-start=\"877\" data-end=\"920\"><strong data-start=\"881\" data-end=\"918\">Sterowniki skrzyni nienaprawialne:<\/strong><\/h3>\n<p class=\"\" data-start=\"921\" data-end=\"1076\">Je\u015bli Tw\u00f3j sterownik DQ381 \/ DQ500 jest <strong data-start=\"954\" data-end=\"1007\">powa\u017cnie uszkodzony lub nie nadaje si\u0119 do naprawy<\/strong>, skontaktujemy si\u0119 z Tob\u0105 telefonicznie, aby om\u00f3wi\u0107 mo\u017cliwe opcje.<\/p>\n<h3 class=\"\" data-start=\"877\" data-end=\"920\"><strong data-start=\"881\" data-end=\"918\">Okres Gwarancyjny:<\/strong><\/h3>\n<p data-start=\"921\" data-end=\"1076\">Oferujemy 12-miesi\u0119czn\u0105 gwarancj\u0119 na napraw\u0119 sterownika skrzyni, pod warunkiem prawid\u0142owej eksploatacji oraz serwisu skrzyni (np. regularnej wymiany oleju). W niekt\u00f3rych przypadkach gwarancja mo\u017ce zosta\u0107 skr\u00f3cona lub wyd\u0142u\u017cona \u2013 klient zostanie o tym poinformowany. Pragniemy r\u00f3wnie\u017c zapewni\u0107 Pa\u0144stwa i\u017c z naszego do\u015bwiadczenia wynika, \u017ce naprawione przez nas sterowniki dzia\u0142aj\u0105 niezawodnie przez d\u0142ugie lata.<\/p>\n<h3 class=\"\" data-start=\"355\" data-end=\"380\"><strong data-start=\"359\" data-end=\"378\">Proces naprawy sterownik\u00f3w skrzyni VW Audi Seat Skoda Cupra DQ381 \/ DQ500:<\/strong><\/h3>\n<ol data-start=\"382\" data-end=\"1281\">\n<li class=\"\" data-start=\"382\" data-end=\"652\">\n<p class=\"\" data-start=\"385\" data-end=\"652\"><strong data-start=\"385\" data-end=\"406\">Wst\u0119pna diagnoza:<\/strong><br data-start=\"406\" data-end=\"409\" \/>Rozpoczynamy od wizualnej inspekcji oraz test\u00f3w sterownika, aby oceni\u0107 jego stan i mo\u017cliwo\u015b\u0107 naprawy. Je\u015bli sterownik jest powa\u017cnie uszkodzony, zaproponujemy alternatywne rozwi\u0105zania, np. wymian\u0119 na now\u0105 lub regenerowan\u0105 jednostk\u0119.<\/p>\n<\/li>\n<li class=\"\" data-start=\"654\" data-end=\"918\">\n<p class=\"\" data-start=\"657\" data-end=\"918\"><strong data-start=\"657\" data-end=\"681\">Naprawa:<\/strong><br data-start=\"681\" data-end=\"684\" \/>Nasi specjali\u015bci dok\u0142adnie naprawiaj\u0105 sterownik dbaj\u0105c o ka\u017cdy szczeg\u00f3\u0142, aby zapewni\u0107 optymaln\u0105 wydajno\u015b\u0107 i sprawdzaj\u0105 pod k\u0105tem usterek.<\/p>\n<\/li>\n<li class=\"\" data-start=\"920\" data-end=\"1117\"><strong data-start=\"1122\" data-end=\"1139\">Test ko\u0144cowy:<\/strong><br data-start=\"1139\" data-end=\"1142\" \/>Przed wysy\u0142k\u0105 przeprowadzamy ostateczne testy, aby upewni\u0107 si\u0119, \u017ce sterownik dzia\u0142a bez zarzutu i funkcjonuje prawid\u0142owo.<\/li>\n<\/ol>\n","protected":false},"excerpt":{"rendered":"<p class=\"\" data-start=\"277\" data-end=\"408\">\u2705 Szybka realizacja i ekspresowa wysy\u0142ka (w 48 &#8211; 72 godziny)<br data-start=\"317\" data-end=\"320\" \/>\u2705 Profesjonalna regeneracja i zabezpieczenie<br data-start=\"364\" data-end=\"367\" \/>\u2705 Fachowe doradztwo i gwarancja jako\u015bci<\/p>\n<p data-start=\"277\" data-end=\"408\">UWAGA! Po przeprowadzeniu przez nas <strong data-start=\"1385\" data-end=\"1432\">diagnostyki i naprawy skrzyni DQ381 \/ DQ500<\/strong>, po jej monta\u017cu w poje\u017adzie konieczne jest wykonanie <strong data-start=\"1486\" data-end=\"1576\">adaptacji podstawowej (tzw. ustawienia podstawowego) za pomoc\u0105 testera diagnostycznego<\/strong>.<\/p>\n<p class=\"\" data-start=\"410\" data-end=\"482\">\ud83d\udcde Pozostajemy do dyspozycji w razie jakichkolwiek w\u0105tpliwo\u015bci i konieczno\u015bci udzielenia\u00a0 <a href=\"https:\/\/www.haldexserwis.eu\/index.php\/kontakt\/\" target=\"_blank\" rel=\"nofollow noopener\">dodatkowych informacji<\/a>.<\/p>\n<p>Co wchodzi w sk\u0142ad us\u0142ugi:<\/p>\n<p>\u2714\ufe0f Diagnostyka sterownika<br \/>\n\u2714\ufe0f Naprawa oraz sprawdzenie sterownika<br \/>\n\u2714\ufe0f Wysy\u0142ka kurierska lub paczkomat na \u017cyczenie klienta<\/p>\n","protected":false},"featured_media":2478,"template":"","meta":[],"product_brand":[],"product_cat":[30],"product_tag":[],"class_list":{"0":"post-2473","1":"product","2":"type-product","3":"status-publish","4":"has-post-thumbnail","6":"product_cat-regeneracja-dsg","8":"first","9":"instock","10":"shipping-taxable","11":"purchasable","12":"product-type-simple"},"_links":{"self":[{"href":"https:\/\/www.haldexserwis.eu\/index.php\/wp-json\/wp\/v2\/product\/2473","targetHints":{"allow":["GET"]}}],"collection":[{"href":"https:\/\/www.haldexserwis.eu\/index.php\/wp-json\/wp\/v2\/product"}],"about":[{"href":"https:\/\/www.haldexserwis.eu\/index.php\/wp-json\/wp\/v2\/types\/product"}],"wp:featuredmedia":[{"embeddable":true,"href":"https:\/\/www.haldexserwis.eu\/index.php\/wp-json\/wp\/v2\/media\/2478"}],"wp:attachment":[{"href":"https:\/\/www.haldexserwis.eu\/index.php\/wp-json\/wp\/v2\/media?parent=2473"}],"wp:term":[{"taxonomy":"product_brand","embeddable":true,"href":"https:\/\/www.haldexserwis.eu\/index.php\/wp-json\/wp\/v2\/product_brand?post=2473"},{"taxonomy":"product_cat","embeddable":true,"href":"https:\/\/www.haldexserwis.eu\/index.php\/wp-json\/wp\/v2\/product_cat?post=2473"},{"taxonomy":"product_tag","embeddable":true,"href":"https:\/\/www.haldexserwis.eu\/index.php\/wp-json\/wp\/v2\/product_tag?post=2473"}],"curies":[{"name":"wp","href":"https:\/\/api.w.org\/{rel}","templated":true}]}}