{"id":1706,"date":"2025-04-18T09:28:33","date_gmt":"2025-04-18T09:28:33","guid":{"rendered":"https:\/\/www.haldexserwis.eu\/?post_type=product&#038;p=1706"},"modified":"2026-04-17T12:47:01","modified_gmt":"2026-04-17T12:47:01","slug":"naprawa-sterownika-haldex-3-4-generacji-continental","status":"publish","type":"product","link":"https:\/\/www.haldexserwis.eu\/index.php\/produkt\/naprawa-sterownika-haldex-3-4-generacji-continental\/","title":{"rendered":"Naprawa sterownika Haldex 3\/4 Generacji Siemens\/Continental"},"content":{"rendered":"<h3 class=\"\" data-start=\"0\" data-end=\"58\"><strong data-start=\"4\" data-end=\"56\">Wa\u017cne informacje dotycz\u0105ce realizacji zam\u00f3wienia<\/strong><\/h3>\n<p class=\"\" data-start=\"60\" data-end=\"345\">Po z\u0142o\u017ceniu zam\u00f3wienia otrzymasz e-mail z adresem, na kt\u00f3ry nale\u017cy wys\u0142a\u0107 uszkodzony sterownik. <strong>Prosimy, aby zapisa\u0107 numer zam\u00f3wienia na kartce i do\u0142\u0105czyc go do przesy\u0142ki wraz ze sterownikiem.<\/strong> \u00a0Alternatywnie \u2013 i jest to zalecane \u2013 mo\u017cna wydrukowa\u0107 tego e-maila i wys\u0142a\u0107 go razem ze sterownikiem do nas.<\/p>\n<p class=\"\" data-start=\"347\" data-end=\"401\">\ud83d\udd27 <strong data-start=\"350\" data-end=\"399\">Standardowy czas naprawy wynosi 48\u201372 godziny.<\/strong><\/p>\n<p data-start=\"347\" data-end=\"401\">W przypadku braku mo\u017cliwo\u015bci skorzystania z p\u0142atno\u015bci za pobraniem, wymagana jest przedp\u0142ata przed realizacj\u0105 us\u0142ugi.<\/p>\n<p data-start=\"347\" data-end=\"401\">W takich przypadkach rozliczenie ko\u0144cowe odbywa si\u0119 na podstawie rzeczywistego zakresu wykonanych prac, a ewentualna r\u00f3\u017cnica zostanie zwr\u00f3cona klientowi.<\/p>\n<h3 class=\"\" data-start=\"403\" data-end=\"457\"><strong data-start=\"407\" data-end=\"455\">Je\u015bli sterownik Haldex nie wykazuje usterek:<\/strong><\/h3>\n<p data-start=\"781\" data-end=\"854\">Wykonywana jest diagnostyka sterownika bez ingerencji w jego konstrukcj\u0119.<\/p>\n<p data-start=\"856\" data-end=\"873\">Koszt: <strong data-start=\"863\" data-end=\"873\">199 z\u0142<\/strong><\/p>\n<p data-start=\"875\" data-end=\"974\">Diagnostyka nie eliminuje potencjalnych przyczyn przysz\u0142ych usterek, takich jak wilgo\u0107 lub korozja.<\/p>\n<p data-start=\"976\" data-end=\"1133\">Po przeprowadzeniu diagnostyki skontaktujemy si\u0119 z Tob\u0105 w celu przedstawienia mo\u017cliwo\u015bci wykonania dodatkowej us\u0142ugi czyszczenia i zabezpieczenia sterownika.<\/p>\n<p data-start=\"1135\" data-end=\"1154\">Us\u0142uga ta obejmuje:<\/p>\n<ul data-start=\"1155\" data-end=\"1380\">\n<li data-section-id=\"xwxvar\" data-start=\"1155\" data-end=\"1181\">czyszczenie p\u0142ytki PCB<\/li>\n<li data-section-id=\"mmumxl\" data-start=\"1182\" data-end=\"1219\">na\u0142o\u017cenie nowej pow\u0142oki ochronnej<\/li>\n<li data-section-id=\"1y9yqw2\" data-start=\"1220\" data-end=\"1243\">czyszczenie obudowy<\/li>\n<li data-section-id=\"17cv7y4\" data-start=\"1244\" data-end=\"1272\">usuni\u0119cie \u015blad\u00f3w korozji<\/li>\n<li data-section-id=\"nbsomu\" data-start=\"1273\" data-end=\"1305\">napraw\u0119 ewentualnych ubytk\u00f3w<\/li>\n<li data-section-id=\"1ik069\" data-start=\"1306\" data-end=\"1343\">wymian\u0119 pokrywy (je\u015bli konieczne)<\/li>\n<li data-section-id=\"1bxvt1f\" data-start=\"1344\" data-end=\"1380\">ponowne uszczelnienie sterownika<\/li>\n<\/ul>\n<p data-start=\"1382\" data-end=\"1467\">Koszt dodatkowej us\u0142ugi: <strong data-start=\"1407\" data-end=\"1428\">399 z\u0142<\/strong><\/p>\n<p data-start=\"1469\" data-end=\"1529\">Us\u0142uga wykonywana jest wy\u0142\u0105cznie po uzyskaniu zgody klienta.<\/p>\n<h3 class=\"\" data-start=\"877\" data-end=\"920\"><strong data-start=\"881\" data-end=\"918\"><span data-huuid=\"15539461502731018174\">Mechaniczne lub elektryczne uszkodzenie<\/span> Sterownika Haldex:<\/strong><\/h3>\n<p>P<strong data-start=\"509\" data-end=\"598\">rzeprowadzimy kompleksow\u0105 napraw\u0119 p\u0142ytki sterownika <\/strong>(\u0142\u0105cznie z czyszczeniem i na\u0142o\u017ceniem nowej pow\u0142oki ochronnej na p\u0142ytk\u0119, aby zapobiec przysz\u0142ej korozji). <strong>Wyczy\u015bcimy obudow\u0119, usuniemy \u015blady korozji, zapieczone \u015bruby, wtyczki, naprawimy ewentualne ubytki oraz wymienimy pokryw\u0119 (je\u015bli to konieczne)<\/strong>. Nast\u0119pnie sterownik zostanie prawid\u0142owo uszczelniony i odes\u0142any do Ciebie kurierem lub do punktu odbioru.<\/p>\n<p>Koszt:<strong data-start=\"1748\" data-end=\"1799\">999 z\u0142<\/strong><\/p>\n<p>Dodatkowe elementy, takie jak obudowa, mog\u0105 by\u0107 wymieniane za dodatkow\u0105 op\u0142at\u0105.<\/p>\n<h3 class=\"\" data-start=\"877\" data-end=\"920\"><strong data-start=\"881\" data-end=\"918\">Sterowniki Haldex nienaprawialne:<\/strong><\/h3>\n<p data-start=\"1930\" data-end=\"2064\">Je\u015bli sterownik jest powa\u017cnie uszkodzony i nie nadaje si\u0119 do naprawy, skontaktujemy si\u0119 z Tob\u0105 w celu przedstawienia dost\u0119pnych opcji.<br \/>\nW przypadku braku realizacji naprawy klient ponosi koszt diagnostyki oraz wysy\u0142ki zwrotnej.<\/p>\n<p data-start=\"2159\" data-end=\"2176\">Koszt: <strong data-start=\"2166\" data-end=\"2176\">199 z\u0142<\/strong><\/p>\n<h3 class=\"\" data-start=\"877\" data-end=\"920\"><strong data-start=\"881\" data-end=\"918\">Okres Gwarancyjny:<\/strong><\/h3>\n<p data-start=\"921\" data-end=\"1076\">Oferujemy 12-miesi\u0119czn\u0105 gwarancj\u0119 na napraw\u0119 sterownika Haldex, pod warunkiem prawid\u0142owej eksploatacji oraz serwisu nap\u0119du AWD (np. regularnej wymiany oleju, czyszczenie sitka pompy). W niekt\u00f3rych przypadkach gwarancja mo\u017ce zosta\u0107 skr\u00f3cona lub wyd\u0142u\u017cona \u2013 klient zostanie o tym poinformowany. Pragniemy r\u00f3wnie\u017c zapewni\u0107 Pa\u0144stwa i\u017c z naszego do\u015bwiadczenia wynika, \u017ce naprawione przez nas sterowniki Haldex dzia\u0142aj\u0105 niezawodnie przez d\u0142ugie lata.<\/p>\n<h3 class=\"\" data-start=\"355\" data-end=\"380\"><strong data-start=\"359\" data-end=\"378\">Proces naprawy sterownik\u00f3w Haldex:<\/strong><\/h3>\n<ol data-start=\"382\" data-end=\"1281\">\n<li class=\"\" data-start=\"382\" data-end=\"652\">\n<p class=\"\" data-start=\"385\" data-end=\"652\"><strong data-start=\"385\" data-end=\"406\">Wst\u0119pna diagnoza:<\/strong><br data-start=\"406\" data-end=\"409\" \/>Rozpoczynamy od wizualnej inspekcji oraz test\u00f3w sterownika Haldex, aby oceni\u0107 jego stan i mo\u017cliwo\u015b\u0107 naprawy. Je\u015bli sterownik jest powa\u017cnie uszkodzony, zaproponujemy alternatywne rozwi\u0105zania, np. wymian\u0119 na now\u0105 lub regenerowan\u0105 jednostk\u0119.<\/p>\n<\/li>\n<li class=\"\" data-start=\"654\" data-end=\"918\">\n<p class=\"\" data-start=\"657\" data-end=\"918\"><strong data-start=\"657\" data-end=\"681\">Naprawa komponent\u00f3w:<\/strong><br data-start=\"681\" data-end=\"684\" \/>Nasi specjali\u015bci dok\u0142adnie naprawiaj\u0105 p\u0142ytk\u0119 PCB (Printed Circuit Board), czyszcz\u0105 j\u0105 i sprawdzaj\u0105 pod k\u0105tem usterek. Regenerujemy lub wymieniamy tak\u017ce obudow\u0119, pokryw\u0119 i inne elementy, dbaj\u0105c o ka\u017cdy szczeg\u00f3\u0142, aby zapewni\u0107 optymaln\u0105 wydajno\u015b\u0107.<\/p>\n<\/li>\n<li class=\"\" data-start=\"920\" data-end=\"1117\">\n<p class=\"\" data-start=\"923\" data-end=\"1117\"><strong data-start=\"923\" data-end=\"953\">Zabezpieczenie sterownika:<\/strong><br data-start=\"953\" data-end=\"956\" \/>Po naprawie nak\u0142adamy profesjonaln\u0105 pow\u0142ok\u0119 ochronn\u0105 na PCB, chroni\u0105c\u0105 przed wilgoci\u0105 i korozj\u0105. Sterownik jest nast\u0119pnie sk\u0142adany i dok\u0142adnie uszczelniany.<\/p>\n<\/li>\n<li class=\"\" data-start=\"1119\" data-end=\"1281\">\n<p class=\"\" data-start=\"1122\" data-end=\"1281\"><strong data-start=\"1122\" data-end=\"1139\">Test ko\u0144cowy:<\/strong><br data-start=\"1139\" data-end=\"1142\" \/>Przed wysy\u0142k\u0105 przeprowadzamy ostateczne testy, aby upewni\u0107 si\u0119, \u017ce sterownik dzia\u0142a bez zarzutu i \u017ce nap\u0119d 4&#215;4 funkcjonuje prawid\u0142owo.<\/p>\n<\/li>\n<\/ol>\n","protected":false},"excerpt":{"rendered":"<p class=\"\" data-start=\"277\" data-end=\"408\">\u2705 Szybka realizacja i ekspresowa wysy\u0142ka (w 48 &#8211; 72 godziny)<br data-start=\"317\" data-end=\"320\" \/>\u2705 Profesjonalna regeneracja i zabezpieczenie<br data-start=\"364\" data-end=\"367\" \/>\u2705 Fachowe doradztwo i gwarancja jako\u015bci<br \/>\n\u2705 Maksymalny koszt standardowej naprawy: 999 z\u0142<br \/>\n\u2705 Diagnostyka: 199 z\u0142<br \/>\n\u2705\u00a0Brak naprawy = p\u0142acisz tylko za diagnostyk\u0119<br \/>\n\u2705\u00a0Gwarancja 12 miesi\u0119cy<\/p>\n<p class=\"\" data-start=\"410\" data-end=\"482\">\ud83d\udcde Pozostajemy do dyspozycji w razie jakichkolwiek w\u0105tpliwo\u015bci i konieczno\u015bci udzielenia\u00a0 <a href=\"https:\/\/www.haldexserwis.eu\/index.php\/kontakt\/\" target=\"_blank\" rel=\"nofollow noopener\">dodatkowych informacji<\/a>.<\/p>\n","protected":false},"featured_media":1724,"template":"","meta":[],"product_brand":[],"product_cat":[36],"product_tag":[],"class_list":{"0":"post-1706","1":"product","2":"type-product","3":"status-publish","4":"has-post-thumbnail","6":"product_cat-regeneracja-haldex","8":"first","9":"instock","10":"shipping-taxable","11":"purchasable","12":"product-type-simple"},"_links":{"self":[{"href":"https:\/\/www.haldexserwis.eu\/index.php\/wp-json\/wp\/v2\/product\/1706","targetHints":{"allow":["GET"]}}],"collection":[{"href":"https:\/\/www.haldexserwis.eu\/index.php\/wp-json\/wp\/v2\/product"}],"about":[{"href":"https:\/\/www.haldexserwis.eu\/index.php\/wp-json\/wp\/v2\/types\/product"}],"wp:featuredmedia":[{"embeddable":true,"href":"https:\/\/www.haldexserwis.eu\/index.php\/wp-json\/wp\/v2\/media\/1724"}],"wp:attachment":[{"href":"https:\/\/www.haldexserwis.eu\/index.php\/wp-json\/wp\/v2\/media?parent=1706"}],"wp:term":[{"taxonomy":"product_brand","embeddable":true,"href":"https:\/\/www.haldexserwis.eu\/index.php\/wp-json\/wp\/v2\/product_brand?post=1706"},{"taxonomy":"product_cat","embeddable":true,"href":"https:\/\/www.haldexserwis.eu\/index.php\/wp-json\/wp\/v2\/product_cat?post=1706"},{"taxonomy":"product_tag","embeddable":true,"href":"https:\/\/www.haldexserwis.eu\/index.php\/wp-json\/wp\/v2\/product_tag?post=1706"}],"curies":[{"name":"wp","href":"https:\/\/api.w.org\/{rel}","templated":true}]}}