{"id":3189,"date":"2026-05-06T16:38:00","date_gmt":"2026-05-06T16:38:00","guid":{"rendered":"https:\/\/www.haldexserwis.eu\/?page_id=3189"},"modified":"2026-05-08T13:45:32","modified_gmt":"2026-05-08T13:45:32","slug":"volvo-sprawdzenie-dzialania-systemu-awd","status":"publish","type":"page","link":"https:\/\/www.haldexserwis.eu\/index.php\/volvo-sprawdzenie-dzialania-systemu-awd\/","title":{"rendered":"Volvo \u2013 Sprawdzenie dzia\u0142ania systemu AWD."},"content":{"rendered":"\t\t<div data-elementor-type=\"wp-page\" data-elementor-id=\"3189\" class=\"elementor elementor-3189\">\n\t\t\t\t<div class=\"elementor-element elementor-element-f9512ab e-flex e-con-boxed e-con e-parent\" data-id=\"f9512ab\" data-element_type=\"container\" data-e-type=\"container\">\n\t\t\t\t\t<div class=\"e-con-inner\">\n\t\t\t\t<div class=\"elementor-element elementor-element-4fde82e elementor-widget elementor-widget-text-editor\" data-id=\"4fde82e\" data-element_type=\"widget\" data-e-type=\"widget\" data-widget_type=\"text-editor.default\">\n\t\t\t\t<div class=\"elementor-widget-container\">\n\t\t\t\t\t\t\t\t\t<h3 data-start=\"204\" data-end=\"262\"><strong data-start=\"208\" data-end=\"262\">Naprawa i testowanie sterownika DEM Haldex \u2013 Volvo<\/strong><\/h3><p>Generacje Haldex w pojazdach Volvo:<\/p><ul><li>V40 \u2013 2013 \u2026 2018 \u2013 Haldex 5 generacji<\/li><li>V50\/S40 \u2013 2005 \u2026 2010 \u2013 Haldex 2 generacji<\/li><li>V60 \u2013 2011 \u2026 2012 \u2013 Haldex 4 generacji<\/li><li>V60 \u2013 2013 \u2026 2018 \u2013 Haldex 5 generacji<\/li><li>V70 \u2013 2003 \u2026 2005 \u2013 Haldex 2 generacji<\/li><li>V70 \u2013 2006 \u2026 2008 \u2013 Haldex 3 generacji<\/li><li>V70 \u2013 2009 \u2026 2012 \u2013 Haldex 4 generacji<\/li><li>V70 \u2013 2013 \u2026 2016 \u2013 Haldex 5 generacji<\/li><li>V90 \u2013 2017 \u2026 2018 \u2013 Haldex 5 generacji<\/li><li>V70\/XC70 \u2013 2003 \u2026 2005 \u2013 Haldex 2 generacji<\/li><li>V70\/XC70 \u2013 2006 \u2026 2007 \u2013 Haldex 3 generacji<\/li><li>S60 \u2013 2003 \u2026 2006 \u2013 Haldex 2 generacji<\/li><li>S60 \u2013 2007 \u2026 2009 \u2013 Haldex 3 generacji<\/li><li>S60 \u2013 2011 \u2026 2012 \u2013 Haldex 4 generacji<\/li><li>S60 \u2013 2014 \u2026 2018 \u2013 Haldex 5 generacji<\/li><li>S80 \u2013 2003 \u2026 2005 \u2013 Haldex 2 generacji<\/li><li>S80 \u2013 2006 \u2026 2008 \u2013 Haldex 3 generacji<\/li><li>S80 \u2013 2013 \u2026 2016 \u2013 Haldex 5 generacji<\/li><li>S90 \u2013 2017 \u2026 2018 \u2013 Haldex 5 generacji<\/li><li>XC60 \u2013 2009 \u2026 2012 \u2013 Haldex 4 generacji<\/li><li>XC60 \u2013 2013 \u2026 2018 \u2013 Haldex 5 generacji<\/li><li>XC70 \u2013 2008 \u2013 Haldex 3 generacji<\/li><li>XC70 \u2013 2009 \u2026 2012 \u2013 Haldex 4 generacji<\/li><li>XC70 \u2013 2013 \u2026 2016 \u2013 Haldex 5 generacji<\/li><\/ul><h5 data-start=\"129\" data-end=\"214\"><strong data-start=\"133\" data-end=\"214\">Dlaczego oryginalny sterownik DEM jest tak wa\u017cny przy naprawie Haldex w Volvo<\/strong><\/h5><p data-start=\"216\" data-end=\"483\"><strong>\u26a0\ufe0f UWAGA!\u00a0<\/strong> <strong>Sterownik Haldex (DEM)<\/strong> w <strong>Volvo<\/strong> musi by\u0107 oryginalny, czyli pochodzi\u0107 z danego auta. Istnieje wiele wersji oprogramowania \u2013 sterownik z jednego rocznika nie b\u0119dzie dzia\u0142a\u0142 w aucie z innego roku. Znaczenie ma r\u00f3wnie\u017c model pojazdu, rodzaj paliwa oraz typ skrzyni bieg\u00f3w.<br \/>W takich przypadkach sterownik nie b\u0119dzie si\u0119 poprawnie komunikowa\u0142 z pozosta\u0142ymi systemami pojazdu.<br \/>Mo\u017cemy wymieni\u0107 uszkodzony modu\u0142 DEM na inny, ale konieczne jest posiadanie oryginalnego sterownika, aby sklonowa\u0107 jego dane.<\/p><h4 data-start=\"216\" data-end=\"483\">Usterki systemu AWD (DEM) Volvo<\/h4><h5 data-start=\"264\" data-end=\"327\"><strong data-start=\"269\" data-end=\"327\">Komunikat: \u201eWymagana obs\u0142uga systemu antypo\u015blizgowego\u201d<\/strong><\/h5><p data-start=\"329\" data-end=\"585\">Komunikat <strong data-start=\"339\" data-end=\"386\">\u201eWymagana obs\u0142uga systemu antypo\u015blizgowego\u201d<\/strong> (ang. <em data-start=\"393\" data-end=\"421\">Anti-Skid Service Required<\/em>) cz\u0119sto pojawia si\u0119 na desce rozdzielczej w przypadku awarii modu\u0142u steruj\u0105cego Haldex \u2013 tzw. <strong data-start=\"516\" data-end=\"556\">DEM (Differential Electronic Module)<\/strong> \u2013 w samochodach marki Volvo.<\/p><p data-start=\"587\" data-end=\"699\">Typowe kody b\u0142\u0119d\u00f3w to:<br \/><strong data-start=\"610\" data-end=\"699\">DEM-0002 \/ DEM-0003 \/ DEM-0006 \/ DEM-0007 \/ DEM-0008 \/ BCM-0094 \/ BCM-0095 \/\u00a0CEM-1A64<\/strong><\/p><ul data-start=\"701\" data-end=\"1039\"><li data-start=\"701\" data-end=\"854\"><p data-start=\"703\" data-end=\"854\"><strong data-start=\"703\" data-end=\"715\">DEM-0006<\/strong> \u2013 zazwyczaj oznacza usterk\u0119 pompy, ale mo\u017ce te\u017c wynika\u0107 z uszkodzenia elektroniki w module steruj\u0105cym, kt\u00f3ra odpowiada za zasilanie pompy.<\/p><\/li><li data-start=\"855\" data-end=\"1039\"><p data-start=\"857\" data-end=\"1039\"><strong data-start=\"857\" data-end=\"869\">DEM-0007<\/strong> \u2013 najcz\u0119\u015bciej dotyczy czujnika ci\u015bnienia, ale w niekt\u00f3rych przypadkach mo\u017ce by\u0107 spowodowany r\u00f3wnie\u017c usterk\u0105 pompy lub sterownika, z tych samych powod\u00f3w co b\u0142\u0105d DEM-0006.<\/p><\/li><\/ul><h5 data-start=\"185\" data-end=\"260\"><strong data-start=\"189\" data-end=\"260\">Typowe usterki i kody b\u0142\u0119d\u00f3w \u2013 sterownik DEM \/ uk\u0142ad Haldex (Volvo)<\/strong><\/h5><h6 data-start=\"262\" data-end=\"344\"><strong data-start=\"267\" data-end=\"344\">P0748 \u2013 Elektrozaw\u00f3r steruj\u0105cy ci\u015bnieniem A (Pressure Control Solenoid A)<\/strong><\/h6><ul data-start=\"345\" data-end=\"489\"><li data-start=\"345\" data-end=\"417\"><p data-start=\"347\" data-end=\"417\"><strong data-start=\"347\" data-end=\"359\">P0748-12<\/strong> \u2013 Uszkodzenie elektryczne: zwarcie do plusa (akumulatora)<\/p><\/li><li data-start=\"418\" data-end=\"489\"><p data-start=\"420\" data-end=\"489\"><strong data-start=\"420\" data-end=\"432\">P0748-1D<\/strong> \u2013 Uszkodzenie elektryczne: nieprawid\u0142owy pr\u0105d w obwodzie<\/p><\/li><\/ul><h6 data-start=\"491\" data-end=\"560\"><strong data-start=\"496\" data-end=\"560\">P0961 \u2013 Obw\u00f3d sterowania elektrozaworem A \u2013 wydajno\u015b\u0107\/zakres<\/strong><\/h6><ul data-start=\"561\" data-end=\"638\"><li data-start=\"561\" data-end=\"638\"><p data-start=\"563\" data-end=\"638\"><strong data-start=\"563\" data-end=\"575\">P0961-62<\/strong> \u2013 B\u0142\u0105d algorytmu: niesp\u00f3jno\u015b\u0107 sygna\u0142u (signal compare failure)<\/p><\/li><\/ul><h6 data-start=\"640\" data-end=\"722\"><strong data-start=\"645\" data-end=\"722\">P1635 \u2013 Niew\u0142a\u015bciwy stosunek opon\/osi (Tire\/Axle Out of Acceptable Range)<\/strong><\/h6><ul data-start=\"723\" data-end=\"778\"><li data-start=\"723\" data-end=\"778\"><p data-start=\"725\" data-end=\"778\"><strong data-start=\"725\" data-end=\"737\">P1635-68<\/strong> \u2013 B\u0142\u0105d algorytmu: informacja o zdarzeniu<\/p><\/li><\/ul><h6 data-start=\"780\" data-end=\"860\"><strong data-start=\"785\" data-end=\"860\">P1889 \u2013 Wydajno\u015b\u0107 pompy ci\u015bnienia oleju (Oil Pressure Pump Performance)<\/strong><\/h6><ul data-start=\"861\" data-end=\"1353\"><li data-start=\"861\" data-end=\"908\"><p data-start=\"863\" data-end=\"908\"><strong data-start=\"863\" data-end=\"875\">P1889-12<\/strong> \u2013 Zwarcie do plusa (akumulatora)<\/p><\/li><li data-start=\"909\" data-end=\"964\"><p data-start=\"911\" data-end=\"964\"><strong data-start=\"911\" data-end=\"923\">P1889-14<\/strong> \u2013 Zwarcie do masy lub przerwa w obwodzie<\/p><\/li><li data-start=\"965\" data-end=\"1011\"><p data-start=\"967\" data-end=\"1011\"><strong data-start=\"967\" data-end=\"979\">P1889-18<\/strong> \u2013 Pr\u0105d poni\u017cej wymaganego progu<\/p><\/li><li data-start=\"1012\" data-end=\"1062\"><p data-start=\"1014\" data-end=\"1062\"><strong data-start=\"1014\" data-end=\"1026\">P1889-19<\/strong> \u2013 Pr\u0105d powy\u017cej dopuszczalnego progu<\/p><\/li><li data-start=\"1063\" data-end=\"1131\"><p data-start=\"1065\" data-end=\"1131\"><strong data-start=\"1065\" data-end=\"1077\">P1889-49<\/strong> \u2013 Wewn\u0119trzna usterka elektroniczna (internal failure)<\/p><\/li><li data-start=\"1132\" data-end=\"1209\"><p data-start=\"1134\" data-end=\"1209\"><strong data-start=\"1134\" data-end=\"1146\">P1889-7A<\/strong> \u2013 Awaria mechaniczna: wyciek p\u0142ynu lub uszkodzenie uszczelnie\u0144<\/p><\/li><li data-start=\"1210\" data-end=\"1278\"><p data-start=\"1212\" data-end=\"1278\"><strong data-start=\"1212\" data-end=\"1224\">P1889-71<\/strong> \u2013 Awaria mechaniczna: b\u0142\u0105d sporadyczny (intermittent)<\/p><\/li><li data-start=\"1279\" data-end=\"1353\"><p data-start=\"1281\" data-end=\"1353\"><strong data-start=\"1281\" data-end=\"1293\">P1889-74<\/strong> \u2013 Awaria mechaniczna: po\u015blizg si\u0142ownika (actuator slipping)<\/p><\/li><\/ul>\t\t\t\t\t\t\t\t<\/div>\n\t\t\t\t<\/div>\n\t\t\t\t\t<\/div>\n\t\t\t\t<\/div>\n\t\t<div class=\"elementor-element elementor-element-6a68f359 e-flex e-con-boxed e-con e-parent\" data-id=\"6a68f359\" data-element_type=\"container\" data-e-type=\"container\">\n\t\t\t\t\t<div class=\"e-con-inner\">\n\t\t<div class=\"elementor-element elementor-element-7aea9620 e-con-full e-flex e-con e-child\" data-id=\"7aea9620\" data-element_type=\"container\" data-e-type=\"container\">\n\t\t\t\t<div class=\"elementor-element elementor-element-4ab1c3b9 elementor-align-right elementor-widget elementor-widget-button\" data-id=\"4ab1c3b9\" data-element_type=\"widget\" data-e-type=\"widget\" data-widget_type=\"button.default\">\n\t\t\t\t<div class=\"elementor-widget-container\">\n\t\t\t\t\t\t\t\t\t<div class=\"elementor-button-wrapper\">\n\t\t\t\t\t<a class=\"elementor-button elementor-button-link elementor-size-sm\" href=\"https:\/\/www.haldexserwis.eu\/index.php\/sklep\/\">\n\t\t\t\t\t\t<span class=\"elementor-button-content-wrapper\">\n\t\t\t\t\t\t<span class=\"elementor-button-icon\">\n\t\t\t\t<svg aria-hidden=\"true\" class=\"e-font-icon-svg e-fas-wrench\" viewBox=\"0 0 512 512\" xmlns=\"http:\/\/www.w3.org\/2000\/svg\"><path d=\"M507.73 109.1c-2.24-9.03-13.54-12.09-20.12-5.51l-74.36 74.36-67.88-11.31-11.31-67.88 74.36-74.36c6.62-6.62 3.43-17.9-5.66-20.16-47.38-11.74-99.55.91-136.58 37.93-39.64 39.64-50.55 97.1-34.05 147.2L18.74 402.76c-24.99 24.99-24.99 65.51 0 90.5 24.99 24.99 65.51 24.99 90.5 0l213.21-213.21c50.12 16.71 107.47 5.68 147.37-34.22 37.07-37.07 49.7-89.32 37.91-136.73zM64 472c-13.25 0-24-10.75-24-24 0-13.26 10.75-24 24-24s24 10.74 24 24c0 13.25-10.75 24-24 24z\"><\/path><\/svg>\t\t\t<\/span>\n\t\t\t\t\t\t\t\t\t<span class=\"elementor-button-text\">Zam\u00f3w napraw\u0119<\/span>\n\t\t\t\t\t<\/span>\n\t\t\t\t\t<\/a>\n\t\t\t\t<\/div>\n\t\t\t\t\t\t\t\t<\/div>\n\t\t\t\t<\/div>\n\t\t\t\t<\/div>\n\t\t<div class=\"elementor-element elementor-element-4c55581 e-con-full e-flex e-con e-child\" data-id=\"4c55581\" data-element_type=\"container\" data-e-type=\"container\">\n\t\t\t\t<div class=\"elementor-element elementor-element-7564ef37 elementor-align-right elementor-widget elementor-widget-button\" data-id=\"7564ef37\" data-element_type=\"widget\" data-e-type=\"widget\" data-widget_type=\"button.default\">\n\t\t\t\t<div class=\"elementor-widget-container\">\n\t\t\t\t\t\t\t\t\t<div class=\"elementor-button-wrapper\">\n\t\t\t\t\t<a class=\"elementor-button elementor-button-link elementor-size-sm\" href=\"tel:+48780605830\">\n\t\t\t\t\t\t<span class=\"elementor-button-content-wrapper\">\n\t\t\t\t\t\t<span class=\"elementor-button-icon\">\n\t\t\t\t<svg aria-hidden=\"true\" class=\"e-font-icon-svg e-fas-phone-square-alt\" viewBox=\"0 0 448 512\" xmlns=\"http:\/\/www.w3.org\/2000\/svg\"><path d=\"M400 32H48A48 48 0 0 0 0 80v352a48 48 0 0 0 48 48h352a48 48 0 0 0 48-48V80a48 48 0 0 0-48-48zm-16.39 307.37l-15 65A15 15 0 0 1 354 416C194 416 64 286.29 64 126a15.7 15.7 0 0 1 11.63-14.61l65-15A18.23 18.23 0 0 1 144 96a16.27 16.27 0 0 1 13.79 9.09l30 70A17.9 17.9 0 0 1 189 181a17 17 0 0 1-5.5 11.61l-37.89 31a231.91 231.91 0 0 0 110.78 110.78l31-37.89A17 17 0 0 1 299 291a17.85 17.85 0 0 1 5.91 1.21l70 30A16.25 16.25 0 0 1 384 336a17.41 17.41 0 0 1-.39 3.37z\"><\/path><\/svg>\t\t\t<\/span>\n\t\t\t\t\t\t\t\t\t<span class=\"elementor-button-text\">Zadzwo\u0144<\/span>\n\t\t\t\t\t<\/span>\n\t\t\t\t\t<\/a>\n\t\t\t\t<\/div>\n\t\t\t\t\t\t\t\t<\/div>\n\t\t\t\t<\/div>\n\t\t\t\t<\/div>\n\t\t<div class=\"elementor-element elementor-element-1a9bd7c0 e-con-full e-flex e-con e-child\" data-id=\"1a9bd7c0\" data-element_type=\"container\" data-e-type=\"container\">\n\t\t\t\t<div class=\"elementor-element elementor-element-71e6a1e9 elementor-align-right elementor-widget elementor-widget-button\" data-id=\"71e6a1e9\" data-element_type=\"widget\" data-e-type=\"widget\" data-widget_type=\"button.default\">\n\t\t\t\t<div class=\"elementor-widget-container\">\n\t\t\t\t\t\t\t\t\t<div class=\"elementor-button-wrapper\">\n\t\t\t\t\t<a class=\"elementor-button elementor-button-link elementor-size-sm\" href=\"https:\/\/www.haldexserwis.eu\/index.php\/poradnik\/\">\n\t\t\t\t\t\t<span class=\"elementor-button-content-wrapper\">\n\t\t\t\t\t\t<span class=\"elementor-button-icon\">\n\t\t\t\t<svg aria-hidden=\"true\" class=\"e-font-icon-svg e-fas-info\" viewBox=\"0 0 192 512\" xmlns=\"http:\/\/www.w3.org\/2000\/svg\"><path d=\"M20 424.229h20V279.771H20c-11.046 0-20-8.954-20-20V212c0-11.046 8.954-20 20-20h112c11.046 0 20 8.954 20 20v212.229h20c11.046 0 20 8.954 20 20V492c0 11.046-8.954 20-20 20H20c-11.046 0-20-8.954-20-20v-47.771c0-11.046 8.954-20 20-20zM96 0C56.235 0 24 32.235 24 72s32.235 72 72 72 72-32.235 72-72S135.764 0 96 0z\"><\/path><\/svg>\t\t\t<\/span>\n\t\t\t\t\t\t\t\t\t<span class=\"elementor-button-text\">Wstecz<\/span>\n\t\t\t\t\t<\/span>\n\t\t\t\t\t<\/a>\n\t\t\t\t<\/div>\n\t\t\t\t\t\t\t\t<\/div>\n\t\t\t\t<\/div>\n\t\t\t\t<\/div>\n\t\t\t\t\t<\/div>\n\t\t\t\t<\/div>\n\t\t\t\t<\/div>\n\t\t","protected":false},"excerpt":{"rendered":"<p>Naprawa i testowanie sterownika DEM Haldex \u2013 Volvo Generacje Haldex w pojazdach Volvo: V40 \u2013 2013 \u2026 2018 \u2013 Haldex 5 generacji V50\/S40 \u2013 2005 \u2026 2010 \u2013 Haldex 2 generacji V60 \u2013 2011 \u2026 2012 \u2013 Haldex 4 generacji V60 \u2013 2013 \u2026 2018 \u2013 Haldex 5 generacji V70 \u2013 2003 \u2026 2005 \u2013 [&hellip;]<\/p>\n","protected":false},"author":1,"featured_media":0,"parent":0,"menu_order":0,"comment_status":"closed","ping_status":"closed","template":"","meta":{"footnotes":""},"class_list":["post-3189","page","type-page","status-publish","hentry"],"blocksy_meta":[],"_links":{"self":[{"href":"https:\/\/www.haldexserwis.eu\/index.php\/wp-json\/wp\/v2\/pages\/3189","targetHints":{"allow":["GET"]}}],"collection":[{"href":"https:\/\/www.haldexserwis.eu\/index.php\/wp-json\/wp\/v2\/pages"}],"about":[{"href":"https:\/\/www.haldexserwis.eu\/index.php\/wp-json\/wp\/v2\/types\/page"}],"author":[{"embeddable":true,"href":"https:\/\/www.haldexserwis.eu\/index.php\/wp-json\/wp\/v2\/users\/1"}],"replies":[{"embeddable":true,"href":"https:\/\/www.haldexserwis.eu\/index.php\/wp-json\/wp\/v2\/comments?post=3189"}],"version-history":[{"count":10,"href":"https:\/\/www.haldexserwis.eu\/index.php\/wp-json\/wp\/v2\/pages\/3189\/revisions"}],"predecessor-version":[{"id":3391,"href":"https:\/\/www.haldexserwis.eu\/index.php\/wp-json\/wp\/v2\/pages\/3189\/revisions\/3391"}],"wp:attachment":[{"href":"https:\/\/www.haldexserwis.eu\/index.php\/wp-json\/wp\/v2\/media?parent=3189"}],"curies":[{"name":"wp","href":"https:\/\/api.w.org\/{rel}","templated":true}]}}