{"id":3184,"date":"2026-05-06T16:36:45","date_gmt":"2026-05-06T16:36:45","guid":{"rendered":"https:\/\/www.haldexserwis.eu\/?page_id=3184"},"modified":"2026-05-08T17:27:00","modified_gmt":"2026-05-08T17:27:00","slug":"zawor-n373-haldex-4tej-generacji-vw-audi-seat-skoda-ford-land-rover-volvo-sprawdzenie","status":"publish","type":"page","link":"https:\/\/www.haldexserwis.eu\/index.php\/zawor-n373-haldex-4tej-generacji-vw-audi-seat-skoda-ford-land-rover-volvo-sprawdzenie\/","title":{"rendered":"Zaw\u00f3r N373 Haldex 4tej generacji VW \/ Audi \/ Seat \/ Skoda \/ Ford \/ Land Rover \/ Volvo sprawdzenie"},"content":{"rendered":"\t\t<div data-elementor-type=\"wp-page\" data-elementor-id=\"3184\" class=\"elementor elementor-3184\">\n\t\t\t\t<div class=\"elementor-element elementor-element-557abb7 e-flex e-con-boxed e-con e-parent\" data-id=\"557abb7\" data-element_type=\"container\" data-e-type=\"container\">\n\t\t\t\t\t<div class=\"e-con-inner\">\n\t\t\t\t<div class=\"elementor-element elementor-element-ec62088 elementor-widget elementor-widget-heading\" data-id=\"ec62088\" data-element_type=\"widget\" data-e-type=\"widget\" data-widget_type=\"heading.default\">\n\t\t\t\t<div class=\"elementor-widget-container\">\n\t\t\t\t\t<h1 class=\"elementor-heading-title elementor-size-default\">Zaw\u00f3r N373 Haldex 4tej generacji VW \/ Audi \/ Seat \/ Skoda \/ Ford \/ Land Rover \/ Volvo sprawdzenie<\/h1>\t\t\t\t<\/div>\n\t\t\t\t<\/div>\n\t\t\t\t<div class=\"elementor-element elementor-element-c76b564 elementor-widget elementor-widget-heading\" data-id=\"c76b564\" data-element_type=\"widget\" data-e-type=\"widget\" data-widget_type=\"heading.default\">\n\t\t\t\t<div class=\"elementor-widget-container\">\n\t\t\t\t\t<h2 class=\"elementor-heading-title elementor-size-default\">Sprawdzenie zaworu Haldex N373<\/h2>\t\t\t\t<\/div>\n\t\t\t\t<\/div>\n\t\t\t\t<div class=\"elementor-element elementor-element-1732032 elementor-widget elementor-widget-text-editor\" data-id=\"1732032\" data-element_type=\"widget\" data-e-type=\"widget\" data-widget_type=\"text-editor.default\">\n\t\t\t\t<div class=\"elementor-widget-container\">\n\t\t\t\t\t\t\t\t\t<h4>Numery OEM: 109593, BW109593, 0BR598554C, 0BS598554C, 0AY598554C, 22150003<\/h4><p>Zaw\u00f3r N373 w systemie Haldex czwartej generacji pe\u0142ni kluczow\u0105 rol\u0119 w regulacji ci\u015bnienia oleju, kt\u00f3re steruje sprz\u0119g\u0142em wielop\u0142ytkowym odpowiedzialnym za do\u0142\u0105czanie nap\u0119du tylnej osi. Dzia\u0142a na podstawie sygna\u0142\u00f3w z jednostki steruj\u0105cej, umo\u017cliwiaj\u0105c dynamiczne dostosowanie nap\u0119du do warunk\u00f3w drogowych. Jego prawid\u0142owe dzia\u0142anie ma bezpo\u015bredni wp\u0142yw na skuteczno\u015b\u0107 i p\u0142ynno\u015b\u0107 dzia\u0142ania nap\u0119du 4&#215;4.<\/p>\t\t\t\t\t\t\t\t<\/div>\n\t\t\t\t<\/div>\n\t\t<div class=\"elementor-element elementor-element-f015b74 e-con-full e-flex e-con e-child\" data-id=\"f015b74\" data-element_type=\"container\" data-e-type=\"container\">\n\t\t<div class=\"elementor-element elementor-element-872d6a4 e-con-full e-flex e-con e-child\" data-id=\"872d6a4\" data-element_type=\"container\" data-e-type=\"container\">\n\t\t\t\t<div class=\"elementor-element elementor-element-1529f68 elementor-widget elementor-widget-image\" data-id=\"1529f68\" data-element_type=\"widget\" data-e-type=\"widget\" data-widget_type=\"image.default\">\n\t\t\t\t<div class=\"elementor-widget-container\">\n\t\t\t\t\t\t\t\t\t\t\t\t\t\t\t<img fetchpriority=\"high\" decoding=\"async\" width=\"485\" height=\"432\" src=\"https:\/\/www.haldexserwis.eu\/wp-content\/uploads\/2026\/04\/zawor-haldex-gen4-det.jpg\" class=\"attachment-large size-large wp-image-3113\" alt=\"zaw\u00f3r Haldex\" srcset=\"https:\/\/www.haldexserwis.eu\/wp-content\/uploads\/2026\/04\/zawor-haldex-gen4-det.jpg 485w, https:\/\/www.haldexserwis.eu\/wp-content\/uploads\/2026\/04\/zawor-haldex-gen4-det-300x267.jpg 300w\" sizes=\"(max-width: 485px) 100vw, 485px\" \/>\t\t\t\t\t\t\t\t\t\t\t\t\t\t\t<\/div>\n\t\t\t\t<\/div>\n\t\t\t\t<\/div>\n\t\t<div class=\"elementor-element elementor-element-f904591 e-con-full e-flex e-con e-child\" data-id=\"f904591\" data-element_type=\"container\" data-e-type=\"container\">\n\t\t\t\t<div class=\"elementor-element elementor-element-094148e elementor-widget elementor-widget-image\" data-id=\"094148e\" data-element_type=\"widget\" data-e-type=\"widget\" data-widget_type=\"image.default\">\n\t\t\t\t<div class=\"elementor-widget-container\">\n\t\t\t\t\t\t\t\t\t\t\t\t\t\t\t<img decoding=\"async\" width=\"1024\" height=\"768\" src=\"https:\/\/www.haldexserwis.eu\/wp-content\/uploads\/2025\/05\/zawor-n373-4-generacji.jpg\" class=\"attachment-large size-large wp-image-2002\" alt=\"Haldex N373 zaw\u00f3r\" srcset=\"https:\/\/www.haldexserwis.eu\/wp-content\/uploads\/2025\/05\/zawor-n373-4-generacji.jpg 1024w, https:\/\/www.haldexserwis.eu\/wp-content\/uploads\/2025\/05\/zawor-n373-4-generacji-300x225.jpg 300w, https:\/\/www.haldexserwis.eu\/wp-content\/uploads\/2025\/05\/zawor-n373-4-generacji-768x576.jpg 768w, https:\/\/www.haldexserwis.eu\/wp-content\/uploads\/2025\/05\/zawor-n373-4-generacji-600x450.jpg 600w\" sizes=\"(max-width: 1024px) 100vw, 1024px\" \/>\t\t\t\t\t\t\t\t\t\t\t\t\t\t\t<\/div>\n\t\t\t\t<\/div>\n\t\t\t\t<\/div>\n\t\t\t\t<\/div>\n\t\t\t\t<div class=\"elementor-element elementor-element-0c05e40 elementor-widget elementor-widget-text-editor\" data-id=\"0c05e40\" data-element_type=\"widget\" data-e-type=\"widget\" data-widget_type=\"text-editor.default\">\n\t\t\t\t<div class=\"elementor-widget-container\">\n\t\t\t\t\t\t\t\t\t<p><span class=\"relative -mx-px my-[-0.2rem] rounded px-px py-[0.2rem] transition-colors duration-100 ease-in-out\">Zaw\u00f3r N373 jest generalnie trwa\u0142ym elementem systemu Haldex i rzadko ulega awarii.<\/span> <span class=\"relative -mx-px my-[-0.2rem] rounded px-px py-[0.2rem] transition-colors duration-100 ease-in-out\">Jednak w wyniku zanieczyszcze\u0144 lub zu\u017cycia mo\u017ce doj\u015b\u0107 do jego niew\u0142a\u015bciwej pracy, co objawia si\u0119 po\u015blizgiem nap\u0119du lub najcz\u0119\u015bciej\u00a0 \u00a0wyczuwalnymi szarpni\u0119ciami podczas skr\u0119cania.<\/span><\/p><p class=\"\" data-start=\"872\" data-end=\"912\">Podczas kontroli zaworu N373 sprawdzamy:<\/p><ul data-start=\"913\" data-end=\"1170\"><li class=\"\" data-start=\"913\" data-end=\"998\"><p class=\"\" data-start=\"915\" data-end=\"998\">Czy zaw\u00f3r nie jest zanieczyszczony opi\u0142kami, osadem lub twardymi resztkami metalu<\/p><\/li><li class=\"\" data-start=\"999\" data-end=\"1054\"><p class=\"\" data-start=\"1001\" data-end=\"1054\">Rezystancj\u0119 cewki \u2014 powinna wynosi\u0107 oko\u0142o <strong data-start=\"1043\" data-end=\"1052\">3 Ohm<\/strong><\/p><\/li><li class=\"\" data-start=\"1055\" data-end=\"1101\"><p class=\"\" data-start=\"1057\" data-end=\"1101\">Czy cewka nie ma zwarcia do masy (obudowy)<\/p><\/li><li class=\"\" data-start=\"1102\" data-end=\"1170\"><p class=\"\" data-start=\"1104\" data-end=\"1170\">Stan techniczny o-ring\u00f3w, kt\u00f3re odpowiadaj\u0105 za szczelno\u015b\u0107 zaworu<\/p><\/li><\/ul>\t\t\t\t\t\t\t\t<\/div>\n\t\t\t\t<\/div>\n\t\t\t\t<div class=\"elementor-element elementor-element-6663ab8 elementor-widget elementor-widget-text-editor\" data-id=\"6663ab8\" data-element_type=\"widget\" data-e-type=\"widget\" data-widget_type=\"text-editor.default\">\n\t\t\t\t<div class=\"elementor-widget-container\">\n\t\t\t\t\t\t\t\t\t<div class=\"flex max-w-full flex-col flex-grow\"><div class=\"min-h-8 text-message flex w-full flex-col items-end gap-2 whitespace-normal break-words text-start [.text-message+&amp;]:mt-5\" dir=\"auto\" data-message-author-role=\"assistant\" data-message-id=\"57fa6f5f-d75a-4fe2-a952-30fdf07435bc\" data-message-model-slug=\"gpt-4o\"><div class=\"flex w-full flex-col gap-1 empty:hidden first:pt-[3px]\"><div class=\"markdown prose w-full break-words dark:prose-invert dark\"><p>Je\u015bli olej nie przep\u0142ywa prawid\u0142owo przez zaw\u00f3r, nie jest dostarczane odpowiednie ci\u015bnienie hydrauliczne potrzebne do odpowiedniego zaci\u015bni\u0119cia sprz\u0119g\u0142a Haldex pod obci\u0105\u017ceniem. W efekcie sprz\u0119g\u0142o \u015blizga si\u0119 lub szarpni\u0119cia przy za\u0142\u0105czaniu tylnej osi (najcz\u0119\u015bciej przy skr\u0119caniu). System ABS\/ASC\/TCS wykrywa, \u017ce przednie ko\u0142a obracaj\u0105 si\u0119 szybciej ni\u017c tylne, co nie powinno mie\u0107 miejsca przy za\u0142\u0105czonym sprz\u0119gle Haldex. W rezultacie generowane s\u0105 kody b\u0142\u0119d\u00f3w dotycz\u0105ce sprz\u0119g\u0142a oraz zaworu steruj\u0105cego N373.<\/p><p><strong>\u26a0\ufe0f UWAGA<\/strong> \u2013 Uszkodzona pompa wst\u0119pna Haldex (V181), kt\u00f3ra nie zapewnia odpowiedniego ci\u015bnienia oleju, mo\u017ce powodowa\u0107 dok\u0142adnie takie same objawy. Typowo mo\u017cna to zweryfikowa\u0107, mierz\u0105c oporno\u015b\u0107 \u2013 powinna wynosi\u0107 od 5 do 8 om\u00f3w.<\/p><p><strong>\u26a0\ufe0f UWAGA<\/strong> \u2013 Uszkodzony sterownik mo\u017ce r\u00f3wnie\u017c powodowa\u0107 b\u0142\u0119dy zaworu poprzez nieprawid\u0142owy odczyt parametr\u00f3w pracy zaworu.<\/p><p>Typowe kody b\u0142\u0119d\u00f3w (w praktyce uszkodzeniu ulega obw\u00f3d sterowania zaworem sterownika a nie sam zaw\u00f3r):<\/p><ul><li><strong>02248<\/strong> \u2013 Zaw\u00f3r regulacji k\u0105ta pracy sprz\u0119g\u0142a (N373) \u2013 Uszkodzenie<\/li><li><strong>02248<\/strong> \u2013 Zaw\u00f3r regulacji k\u0105ta pracy sprz\u0119g\u0142a (N373) \u2013 B\u0142\u0105d przerywany<\/li><li><strong>02248<\/strong> \u2013 Zaw\u00f3r regulacji k\u0105ta pracy sprz\u0119g\u0142a (N373) \u2013 012 \u2013 Usterka elektryczna w obwodzie<\/li><li><strong>01324<\/strong> \u2013 Modu\u0142 sterowania nap\u0119dem na wszystkie ko\u0142a (J492) \u2013 004 \u2013 Brak sygna\u0142u\/komunikacji<\/li><li><strong>65535<\/strong> \u2013 B\u0142\u0105d wewn\u0119trznej pami\u0119ci modu\u0142u sterowania \u2013 00-10 \u2013 B\u0142\u0105d przerywany<\/li><li><strong>16347<\/strong> \u2013 Modu\u0142 sterowania \u2013 B\u0142\u0105d EEPROM \u2013 014 \u2013 Uszkodzenie \u2013 B\u0142\u0105d przerywany<\/li><li><strong>00003<\/strong> \u2013 Modu\u0142 sterowania \u2013 014 \u2013 Uszkodzenie \u2013 B\u0142\u0105d przerywany \/ Uszkodzony modu\u0142 sterowania \u2013 Sporadyczny<\/li><\/ul><\/div><\/div><\/div><\/div>\t\t\t\t\t\t\t\t<\/div>\n\t\t\t\t<\/div>\n\t\t\t\t\t<\/div>\n\t\t\t\t<\/div>\n\t\t<div class=\"elementor-element elementor-element-4108d333 e-flex e-con-boxed e-con e-parent\" data-id=\"4108d333\" data-element_type=\"container\" data-e-type=\"container\">\n\t\t\t\t\t<div class=\"e-con-inner\">\n\t\t<div class=\"elementor-element elementor-element-60d734a8 e-con-full e-flex e-con e-child\" data-id=\"60d734a8\" data-element_type=\"container\" data-e-type=\"container\">\n\t\t\t\t<div class=\"elementor-element elementor-element-34d83109 elementor-align-right elementor-widget elementor-widget-button\" data-id=\"34d83109\" data-element_type=\"widget\" data-e-type=\"widget\" data-widget_type=\"button.default\">\n\t\t\t\t<div class=\"elementor-widget-container\">\n\t\t\t\t\t\t\t\t\t<div class=\"elementor-button-wrapper\">\n\t\t\t\t\t<a class=\"elementor-button elementor-button-link elementor-size-sm\" href=\"https:\/\/www.haldexserwis.eu\/index.php\/sklep\/\">\n\t\t\t\t\t\t<span class=\"elementor-button-content-wrapper\">\n\t\t\t\t\t\t<span class=\"elementor-button-icon\">\n\t\t\t\t<svg aria-hidden=\"true\" class=\"e-font-icon-svg e-fas-wrench\" viewBox=\"0 0 512 512\" xmlns=\"http:\/\/www.w3.org\/2000\/svg\"><path d=\"M507.73 109.1c-2.24-9.03-13.54-12.09-20.12-5.51l-74.36 74.36-67.88-11.31-11.31-67.88 74.36-74.36c6.62-6.62 3.43-17.9-5.66-20.16-47.38-11.74-99.55.91-136.58 37.93-39.64 39.64-50.55 97.1-34.05 147.2L18.74 402.76c-24.99 24.99-24.99 65.51 0 90.5 24.99 24.99 65.51 24.99 90.5 0l213.21-213.21c50.12 16.71 107.47 5.68 147.37-34.22 37.07-37.07 49.7-89.32 37.91-136.73zM64 472c-13.25 0-24-10.75-24-24 0-13.26 10.75-24 24-24s24 10.74 24 24c0 13.25-10.75 24-24 24z\"><\/path><\/svg>\t\t\t<\/span>\n\t\t\t\t\t\t\t\t\t<span class=\"elementor-button-text\">Zam\u00f3w napraw\u0119<\/span>\n\t\t\t\t\t<\/span>\n\t\t\t\t\t<\/a>\n\t\t\t\t<\/div>\n\t\t\t\t\t\t\t\t<\/div>\n\t\t\t\t<\/div>\n\t\t\t\t<\/div>\n\t\t<div class=\"elementor-element elementor-element-5a14ac42 e-con-full e-flex e-con e-child\" data-id=\"5a14ac42\" data-element_type=\"container\" data-e-type=\"container\">\n\t\t\t\t<div class=\"elementor-element elementor-element-7787eae9 elementor-align-right elementor-widget elementor-widget-button\" data-id=\"7787eae9\" data-element_type=\"widget\" data-e-type=\"widget\" data-widget_type=\"button.default\">\n\t\t\t\t<div class=\"elementor-widget-container\">\n\t\t\t\t\t\t\t\t\t<div class=\"elementor-button-wrapper\">\n\t\t\t\t\t<a class=\"elementor-button elementor-button-link elementor-size-sm\" href=\"tel:+48780605830\">\n\t\t\t\t\t\t<span class=\"elementor-button-content-wrapper\">\n\t\t\t\t\t\t<span class=\"elementor-button-icon\">\n\t\t\t\t<svg aria-hidden=\"true\" class=\"e-font-icon-svg e-fas-phone-square-alt\" viewBox=\"0 0 448 512\" xmlns=\"http:\/\/www.w3.org\/2000\/svg\"><path d=\"M400 32H48A48 48 0 0 0 0 80v352a48 48 0 0 0 48 48h352a48 48 0 0 0 48-48V80a48 48 0 0 0-48-48zm-16.39 307.37l-15 65A15 15 0 0 1 354 416C194 416 64 286.29 64 126a15.7 15.7 0 0 1 11.63-14.61l65-15A18.23 18.23 0 0 1 144 96a16.27 16.27 0 0 1 13.79 9.09l30 70A17.9 17.9 0 0 1 189 181a17 17 0 0 1-5.5 11.61l-37.89 31a231.91 231.91 0 0 0 110.78 110.78l31-37.89A17 17 0 0 1 299 291a17.85 17.85 0 0 1 5.91 1.21l70 30A16.25 16.25 0 0 1 384 336a17.41 17.41 0 0 1-.39 3.37z\"><\/path><\/svg>\t\t\t<\/span>\n\t\t\t\t\t\t\t\t\t<span class=\"elementor-button-text\">Zadzwo\u0144<\/span>\n\t\t\t\t\t<\/span>\n\t\t\t\t\t<\/a>\n\t\t\t\t<\/div>\n\t\t\t\t\t\t\t\t<\/div>\n\t\t\t\t<\/div>\n\t\t\t\t<\/div>\n\t\t<div class=\"elementor-element elementor-element-c5a6a2d e-con-full e-flex e-con e-child\" data-id=\"c5a6a2d\" data-element_type=\"container\" data-e-type=\"container\">\n\t\t\t\t<div class=\"elementor-element elementor-element-46cf8f4f elementor-align-right elementor-widget elementor-widget-button\" data-id=\"46cf8f4f\" data-element_type=\"widget\" data-e-type=\"widget\" data-widget_type=\"button.default\">\n\t\t\t\t<div class=\"elementor-widget-container\">\n\t\t\t\t\t\t\t\t\t<div class=\"elementor-button-wrapper\">\n\t\t\t\t\t<a class=\"elementor-button elementor-button-link elementor-size-sm\" href=\"https:\/\/www.haldexserwis.eu\/index.php\/poradnik\/\">\n\t\t\t\t\t\t<span class=\"elementor-button-content-wrapper\">\n\t\t\t\t\t\t<span class=\"elementor-button-icon\">\n\t\t\t\t<svg aria-hidden=\"true\" class=\"e-font-icon-svg e-fas-info\" viewBox=\"0 0 192 512\" xmlns=\"http:\/\/www.w3.org\/2000\/svg\"><path d=\"M20 424.229h20V279.771H20c-11.046 0-20-8.954-20-20V212c0-11.046 8.954-20 20-20h112c11.046 0 20 8.954 20 20v212.229h20c11.046 0 20 8.954 20 20V492c0 11.046-8.954 20-20 20H20c-11.046 0-20-8.954-20-20v-47.771c0-11.046 8.954-20 20-20zM96 0C56.235 0 24 32.235 24 72s32.235 72 72 72 72-32.235 72-72S135.764 0 96 0z\"><\/path><\/svg>\t\t\t<\/span>\n\t\t\t\t\t\t\t\t\t<span class=\"elementor-button-text\">Wstecz<\/span>\n\t\t\t\t\t<\/span>\n\t\t\t\t\t<\/a>\n\t\t\t\t<\/div>\n\t\t\t\t\t\t\t\t<\/div>\n\t\t\t\t<\/div>\n\t\t\t\t<\/div>\n\t\t\t\t\t<\/div>\n\t\t\t\t<\/div>\n\t\t\t\t<\/div>\n\t\t","protected":false},"excerpt":{"rendered":"<p>Zaw\u00f3r N373 Haldex 4tej generacji VW \/ Audi \/ Seat \/ Skoda \/ Ford \/ Land Rover \/ Volvo sprawdzenie Sprawdzenie zaworu Haldex N373 Numery OEM: 109593, BW109593, 0BR598554C, 0BS598554C, 0AY598554C, 22150003 Zaw\u00f3r N373 w systemie Haldex czwartej generacji pe\u0142ni kluczow\u0105 rol\u0119 w regulacji ci\u015bnienia oleju, kt\u00f3re steruje sprz\u0119g\u0142em wielop\u0142ytkowym odpowiedzialnym za do\u0142\u0105czanie nap\u0119du tylnej [&hellip;]<\/p>\n","protected":false},"author":1,"featured_media":0,"parent":0,"menu_order":0,"comment_status":"closed","ping_status":"closed","template":"","meta":{"footnotes":""},"class_list":["post-3184","page","type-page","status-publish","hentry"],"blocksy_meta":{"has_hero_section":"disabled","styles_descriptor":{"styles":{"desktop":"","tablet":"","mobile":""},"google_fonts":[],"version":6}},"_links":{"self":[{"href":"https:\/\/www.haldexserwis.eu\/index.php\/wp-json\/wp\/v2\/pages\/3184","targetHints":{"allow":["GET"]}}],"collection":[{"href":"https:\/\/www.haldexserwis.eu\/index.php\/wp-json\/wp\/v2\/pages"}],"about":[{"href":"https:\/\/www.haldexserwis.eu\/index.php\/wp-json\/wp\/v2\/types\/page"}],"author":[{"embeddable":true,"href":"https:\/\/www.haldexserwis.eu\/index.php\/wp-json\/wp\/v2\/users\/1"}],"replies":[{"embeddable":true,"href":"https:\/\/www.haldexserwis.eu\/index.php\/wp-json\/wp\/v2\/comments?post=3184"}],"version-history":[{"count":13,"href":"https:\/\/www.haldexserwis.eu\/index.php\/wp-json\/wp\/v2\/pages\/3184\/revisions"}],"predecessor-version":[{"id":3440,"href":"https:\/\/www.haldexserwis.eu\/index.php\/wp-json\/wp\/v2\/pages\/3184\/revisions\/3440"}],"wp:attachment":[{"href":"https:\/\/www.haldexserwis.eu\/index.php\/wp-json\/wp\/v2\/media?parent=3184"}],"curies":[{"name":"wp","href":"https:\/\/api.w.org\/{rel}","templated":true}]}}