{"id":3179,"date":"2026-05-06T16:35:10","date_gmt":"2026-05-06T16:35:10","guid":{"rendered":"https:\/\/www.haldexserwis.eu\/?page_id=3179"},"modified":"2026-05-08T17:15:17","modified_gmt":"2026-05-08T17:15:17","slug":"haldex-5-generacji-wymiana-oleju-kiedy-nalezy-wymienic-olej-w-ukladzie-haldex","status":"publish","type":"page","link":"https:\/\/www.haldexserwis.eu\/index.php\/haldex-5-generacji-wymiana-oleju-kiedy-nalezy-wymienic-olej-w-ukladzie-haldex\/","title":{"rendered":"Haldex 5 generacji &#8211; Wymiana oleju. Kiedy nale\u017cy wymieni\u0107 olej w uk\u0142adzie Haldex?"},"content":{"rendered":"\t\t<div data-elementor-type=\"wp-page\" data-elementor-id=\"3179\" class=\"elementor elementor-3179\">\n\t\t\t\t<div class=\"elementor-element elementor-element-880eea1 e-flex e-con-boxed e-con e-parent\" data-id=\"880eea1\" data-element_type=\"container\" data-e-type=\"container\">\n\t\t\t\t\t<div class=\"e-con-inner\">\n\t\t\t\t<div class=\"elementor-element elementor-element-04f573b elementor-widget elementor-widget-heading\" data-id=\"04f573b\" data-element_type=\"widget\" data-e-type=\"widget\" data-widget_type=\"heading.default\">\n\t\t\t\t<div class=\"elementor-widget-container\">\n\t\t\t\t\t<h2 class=\"elementor-heading-title elementor-size-default\">Haldex 5 generacji. Serwis<\/h2>\t\t\t\t<\/div>\n\t\t\t\t<\/div>\n\t\t\t\t<div class=\"elementor-element elementor-element-8a0a33f elementor-widget elementor-widget-heading\" data-id=\"8a0a33f\" data-element_type=\"widget\" data-e-type=\"widget\" data-widget_type=\"heading.default\">\n\t\t\t\t<div class=\"elementor-widget-container\">\n\t\t\t\t\t<h2 class=\"elementor-heading-title elementor-size-default\">Wymiana oleju. Kiedy nale\u017cy wymieni\u0107 olej w uk\u0142adzie Haldex?<\/h2>\t\t\t\t<\/div>\n\t\t\t\t<\/div>\n\t\t\t\t<div class=\"elementor-element elementor-element-a9db940 elementor-widget elementor-widget-text-editor\" data-id=\"a9db940\" data-element_type=\"widget\" data-e-type=\"widget\" data-widget_type=\"text-editor.default\">\n\t\t\t\t<div class=\"elementor-widget-container\">\n\t\t\t\t\t\t\t\t\t<p>\u26a0\ufe0f <strong>Olej w systemie Haldex<\/strong> nale\u017cy wymienia\u0107 co <strong>30 000 km<\/strong>.<br \/>\u26a0\ufe0f Ta generacja Haldex <strong>nie posiada<\/strong> filtra wi\u0119c zalecamy przy ka\u017cdej wymianie oleju demonta\u017c pompy z czyszczeniem sitka pompy a nast\u0119pnie zamontowa\u0107 j\u0105 z powrotem, u\u017cywaj\u0105c u\u017cywaj\u0105c nowych uszczelek (oring\u00f3w).<\/p><p>Tutaj znajdziecie Pa\u0144stwo wszystkie niezb\u0119dne z\u0119\u015bci do wykonania tej czynno\u015bci &#8211; <a title=\"Oficialny sklep Borg Warner\" href=\"https:\/\/awdcarparts.com\/zestawy\" target=\"_blank\" rel=\"noopener\">Oficialny sklep Borg Warner<\/a><\/p><h6><strong>Narz\u0119dzia potrzebne do wykonania serwisu<\/strong><\/h6><ul><li><strong>Klucze nasadowe Imbus\/HEX:<\/strong> 8 mm, 5 mm<\/li><li><strong>Klucz dynamometryczny:<\/strong> 5-35 nM<\/li><li><strong>Narz\u0119dzie diagnostyczne<\/strong> (opcjonalnie)<\/li><\/ul><p><strong>Zestaw do wymiany oleju:<\/strong><\/p><ul><li><strong>Olej Haldex:<\/strong> (cz\u0119\u015b\u0107 nr G 060 175 A2, BorgWarner 2000884)<\/li><li><strong>Zestaw monta\u017cowy pompy:<\/strong> (2 x \u015brubki, 2 x oringi)<\/li><li><strong>Pojemnik na zu\u017cyty olej<\/strong><\/li><li><strong>Strzykawka lub r\u0119czna pompa<\/strong> do uzupe\u0142niania nowego oleju<\/li><li><strong>\u015aciereczki<\/strong> lub <strong>r\u0119czniki papierowe<\/strong><\/li><\/ul><h5><strong>Wymiana oleju<\/strong><\/h5><p><strong>1. Przygotowanie pojazdu<\/strong><\/p><ul><li>Unie\u015b pojazd na podno\u015bniku lub wjed\u017a na ramp\u0119 serwisow\u0105.<\/li><li>Zabezpiecz pojazd klinami pod ko\u0142a i upewnij si\u0119, \u017ce jest stabilny.<\/li><\/ul><p><strong>2. Opr\u00f3\u017cnienie starego oleju<\/strong><\/p>\t\t\t\t\t\t\t\t<\/div>\n\t\t\t\t<\/div>\n\t\t\t\t<div class=\"elementor-element elementor-element-03c238a elementor-widget elementor-widget-image\" data-id=\"03c238a\" data-element_type=\"widget\" data-e-type=\"widget\" data-widget_type=\"image.default\">\n\t\t\t\t<div class=\"elementor-widget-container\">\n\t\t\t\t\t\t\t\t\t\t\t\t\t\t\t<img fetchpriority=\"high\" decoding=\"async\" width=\"1024\" height=\"768\" src=\"https:\/\/www.haldexserwis.eu\/wp-content\/uploads\/2025\/05\/Haldex-5-generacja-wymiana-oleju.jpg\" class=\"attachment-large size-large wp-image-1982\" alt=\"\" srcset=\"https:\/\/www.haldexserwis.eu\/wp-content\/uploads\/2025\/05\/Haldex-5-generacja-wymiana-oleju.jpg 1024w, https:\/\/www.haldexserwis.eu\/wp-content\/uploads\/2025\/05\/Haldex-5-generacja-wymiana-oleju-300x225.jpg 300w, https:\/\/www.haldexserwis.eu\/wp-content\/uploads\/2025\/05\/Haldex-5-generacja-wymiana-oleju-768x576.jpg 768w, https:\/\/www.haldexserwis.eu\/wp-content\/uploads\/2025\/05\/Haldex-5-generacja-wymiana-oleju-600x450.jpg 600w\" sizes=\"(max-width: 1024px) 100vw, 1024px\" \/>\t\t\t\t\t\t\t\t\t\t\t\t\t\t\t<\/div>\n\t\t\t\t<\/div>\n\t\t\t\t<div class=\"elementor-element elementor-element-68d13c0 elementor-widget elementor-widget-text-editor\" data-id=\"68d13c0\" data-element_type=\"widget\" data-e-type=\"widget\" data-widget_type=\"text-editor.default\">\n\t\t\t\t<div class=\"elementor-widget-container\">\n\t\t\t\t\t\t\t\t\t<ul><li>Zanim spu\u015bcisz stary olej, kluczem Imbus\/HEX 5 mm poluzuj korek wlewu oleju (znajduj\u0105cy si\u0119 na g\u00f3rze obudowy Haldex), a nast\u0119pnie dokr\u0119\u0107 go z powrotem. Je\u015bli z jakiego\u015b powodu korek wlewu nie da si\u0119 odkr\u0119ci\u0107 lub ulegnie uszkodzeniu, a wcze\u015bniej otworzysz korek spustowy, napotkasz problem z ponownym nape\u0142nieniem systemu olejem.<\/li><li>Kluczem Imbus\/HEX 8 mm odkr\u0119\u0107 korek spustowy oleju.<\/li><li>Opr\u00f3\u017cnij ca\u0142y zu\u017cyty olej do przygotowanego pojemnika.<\/li><li>Wyczy\u015b\u0107 otw\u00f3r spustowy i korek przed ponownym monta\u017cem.<\/li><\/ul><p><strong>3. Demonta\u017c oraz czyszczenie pompy oleju<\/strong><\/p><ul><li>Odepnij wtyczk\u0119 pompy (2 pinowa wtyczka na sterowniku)<\/li><li>Odepnij punkty mocowania przewod\u00f3w zasilania pompy<\/li><li>Odkr\u0119\u0107 2 \u015brubki mocowania pompy i zdemontuj pomp\u0119.<\/li><li>Dok\u0142adnie wyczy\u015b\u0107 miejsce monta\u017cowe pompy.<\/li><li>Odkr\u0119\u0107 2 \u015brubki mocowania sitka pompy i dok\u0142adnie wyczy\u015b\u0107 sitko oraz pomp\u0119<\/li><li>Zamontuj pomp\u0119 u\u017cywaj\u0105c nowych uszczelek\/oring\u00f3w<\/li><\/ul>\t\t\t\t\t\t\t\t<\/div>\n\t\t\t\t<\/div>\n\t\t<div class=\"elementor-element elementor-element-0368734 e-con-full e-flex e-con e-child\" data-id=\"0368734\" data-element_type=\"container\" data-e-type=\"container\">\n\t\t<div class=\"elementor-element elementor-element-a72de15 e-con-full e-flex e-con e-child\" data-id=\"a72de15\" data-element_type=\"container\" data-e-type=\"container\">\n\t\t\t\t<div class=\"elementor-element elementor-element-42760ad elementor-widget elementor-widget-image\" data-id=\"42760ad\" data-element_type=\"widget\" data-e-type=\"widget\" data-widget_type=\"image.default\">\n\t\t\t\t<div class=\"elementor-widget-container\">\n\t\t\t\t\t\t\t\t\t\t\t\t\t\t\t<img decoding=\"async\" width=\"1024\" height=\"768\" src=\"https:\/\/www.haldexserwis.eu\/wp-content\/uploads\/2025\/05\/pompa-haldex-czyszczenie.jpg\" class=\"attachment-large size-large wp-image-1969\" alt=\"\" srcset=\"https:\/\/www.haldexserwis.eu\/wp-content\/uploads\/2025\/05\/pompa-haldex-czyszczenie.jpg 1024w, https:\/\/www.haldexserwis.eu\/wp-content\/uploads\/2025\/05\/pompa-haldex-czyszczenie-300x225.jpg 300w, https:\/\/www.haldexserwis.eu\/wp-content\/uploads\/2025\/05\/pompa-haldex-czyszczenie-768x576.jpg 768w, https:\/\/www.haldexserwis.eu\/wp-content\/uploads\/2025\/05\/pompa-haldex-czyszczenie-600x450.jpg 600w\" sizes=\"(max-width: 1024px) 100vw, 1024px\" \/>\t\t\t\t\t\t\t\t\t\t\t\t\t\t\t<\/div>\n\t\t\t\t<\/div>\n\t\t\t\t<\/div>\n\t\t<div class=\"elementor-element elementor-element-06bd04e e-con-full e-flex e-con e-child\" data-id=\"06bd04e\" data-element_type=\"container\" data-e-type=\"container\">\n\t\t\t\t<div class=\"elementor-element elementor-element-947b523 elementor-widget elementor-widget-image\" data-id=\"947b523\" data-element_type=\"widget\" data-e-type=\"widget\" data-widget_type=\"image.default\">\n\t\t\t\t<div class=\"elementor-widget-container\">\n\t\t\t\t\t\t\t\t\t\t\t\t\t\t\t<img decoding=\"async\" width=\"1024\" height=\"768\" src=\"https:\/\/www.haldexserwis.eu\/wp-content\/uploads\/2025\/05\/Haldex-5-generacja-czysczczenie-pompy.jpg\" class=\"attachment-large size-large wp-image-1983\" alt=\"\" srcset=\"https:\/\/www.haldexserwis.eu\/wp-content\/uploads\/2025\/05\/Haldex-5-generacja-czysczczenie-pompy.jpg 1024w, https:\/\/www.haldexserwis.eu\/wp-content\/uploads\/2025\/05\/Haldex-5-generacja-czysczczenie-pompy-300x225.jpg 300w, https:\/\/www.haldexserwis.eu\/wp-content\/uploads\/2025\/05\/Haldex-5-generacja-czysczczenie-pompy-768x576.jpg 768w, https:\/\/www.haldexserwis.eu\/wp-content\/uploads\/2025\/05\/Haldex-5-generacja-czysczczenie-pompy-600x450.jpg 600w\" sizes=\"(max-width: 1024px) 100vw, 1024px\" \/>\t\t\t\t\t\t\t\t\t\t\t\t\t\t\t<\/div>\n\t\t\t\t<\/div>\n\t\t\t\t<\/div>\n\t\t\t\t<\/div>\n\t\t\t\t<div class=\"elementor-element elementor-element-c0a4796 elementor-widget elementor-widget-text-editor\" data-id=\"c0a4796\" data-element_type=\"widget\" data-e-type=\"widget\" data-widget_type=\"text-editor.default\">\n\t\t\t\t<div class=\"elementor-widget-container\">\n\t\t\t\t\t\t\t\t\t<p><strong>4. Nape\u0142nienie systemu nowym olejem<\/strong><\/p><ul><li>Wkr\u0119\u0107 korek spustowy oleju z powrotem na miejsce i dokr\u0119\u0107 go z momentem 30 nM. Zaleca si\u0119 u\u017cycie nowego korka.<\/li><li>Upewnij si\u0119, \u017ce pojazd znajduje si\u0119 na r\u00f3wnym pod\u0142o\u017cu, aby zapewni\u0107 prawid\u0142owy poziom oleju w systemie. U\u017cyj strzykawki lub r\u0119cznej pompy, aby wla\u0107 nowy olej Haldex przez otw\u00f3r serwisowy, a\u017c zacznie si\u0119 wylewa\u0107.<\/li><li>Po nape\u0142nieniu zakr\u0119\u0107 korek serwisowy.<\/li><\/ul><p><strong>5. Sprawdzenie szczelno\u015bci i adaptacja<\/strong><\/p><ul><li>Upewnij si\u0119, \u017ce temperatura oleju znajduje si\u0119 w zakresie 20-40\u00b0C, u\u017cywaj\u0105c narz\u0119dzia diagnostycznego lub termometru. Je\u015bli to konieczne, wykonaj kr\u00f3tk\u0105 przeja\u017cd\u017ck\u0119, aby rozgrza\u0107 olej, lub poczekaj, a\u017c ostygnie, aby osi\u0105gn\u0105\u0107 niezb\u0119dny zakres temperatury.<\/li><li>Przy u\u017cyciu narz\u0119dzi diagnostycznych (np. VCDS) kilkukrotnie uruchom pomp\u0119 (alternatywnie mo\u017cesz po prostu par\u0119 razy w\u0142\u0105czy\u0107\/wy\u0142\u0105czy\u0107 zap\u0142on \u017ceby ca\u0142y system si\u0119 nape\u0142ni\u0142 olejem). <strong>Dolej olej<\/strong>, a\u017c osi\u0105gniesz prawid\u0142owy poziom (po dolaniu olej powinien delikatnie wylewa\u0107 przez otw\u00f3r wlewu), upewniaj\u0105c si\u0119, \u017ce system jest odpowiednio nape\u0142niony, ale nie przepe\u0142niony. Pojemno\u015b\u0107 uk\u0142adu ca\u0142kowita wynosi 0.85l, pojemno\u015b\u0107 przy wymianie 0,7 &#8211; 0.75l<\/li><li>Dokr\u0119\u0107 korek wlewu. Sprawd\u017a, czy nie ma wyciek\u00f3w wok\u00f3\u0142 kork\u00f3w i filtra.<\/li><\/ul><p><strong>6. Utylizacja zu\u017cytego oleju<\/strong><\/p><ul><li>Oddaj zu\u017cyty olej do punktu zbi\u00f3rki odpad\u00f3w.<\/li><\/ul><h5><strong>Gotowe!<\/strong><\/h5><p>System Haldex jest teraz gotowy do dzia\u0142ania!<\/p>\t\t\t\t\t\t\t\t<\/div>\n\t\t\t\t<\/div>\n\t\t\t\t<div class=\"elementor-element elementor-element-8d22743 elementor-widget elementor-widget-text-editor\" data-id=\"8d22743\" data-element_type=\"widget\" data-e-type=\"widget\" data-widget_type=\"text-editor.default\">\n\t\t\t\t<div class=\"elementor-widget-container\">\n\t\t\t\t\t\t\t\t\t<p>Polecamy r\u00f3wnie\u017c filmik (w j\u0119zyku angielskim, ale ca\u0142kiem intuicyjny) na temat prawid\u0142owej wymiany oleju w uk\u0142adzie Haldex 5 generacji VAG<\/p>\t\t\t\t\t\t\t\t<\/div>\n\t\t\t\t<\/div>\n\t\t\t\t<div class=\"elementor-element elementor-element-f427991 elementor-widget elementor-widget-video\" data-id=\"f427991\" data-element_type=\"widget\" data-e-type=\"widget\" data-settings=\"{&quot;youtube_url&quot;:&quot;https:\\\/\\\/www.youtube.com\\\/embed\\\/iyQz8JYt1CU?si=rVbv7W8df_mb8tBz&quot;,&quot;video_type&quot;:&quot;youtube&quot;,&quot;controls&quot;:&quot;yes&quot;}\" data-widget_type=\"video.default\">\n\t\t\t\t<div class=\"elementor-widget-container\">\n\t\t\t\t\t\t\t<div class=\"elementor-wrapper elementor-open-inline\">\n\t\t\t<div class=\"elementor-video\"><\/div>\t\t<\/div>\n\t\t\t\t\t\t<\/div>\n\t\t\t\t<\/div>\n\t\t\t\t\t<\/div>\n\t\t\t\t<\/div>\n\t\t<div class=\"elementor-element elementor-element-1dc1d1fb e-flex e-con-boxed e-con e-parent\" data-id=\"1dc1d1fb\" data-element_type=\"container\" data-e-type=\"container\">\n\t\t\t\t\t<div class=\"e-con-inner\">\n\t\t<div class=\"elementor-element elementor-element-58662f4d e-con-full e-flex e-con e-child\" data-id=\"58662f4d\" data-element_type=\"container\" data-e-type=\"container\">\n\t\t\t\t<div class=\"elementor-element elementor-element-3cf145b9 elementor-align-right elementor-widget elementor-widget-button\" data-id=\"3cf145b9\" data-element_type=\"widget\" data-e-type=\"widget\" data-widget_type=\"button.default\">\n\t\t\t\t<div class=\"elementor-widget-container\">\n\t\t\t\t\t\t\t\t\t<div class=\"elementor-button-wrapper\">\n\t\t\t\t\t<a class=\"elementor-button elementor-button-link elementor-size-sm\" href=\"https:\/\/www.haldexserwis.eu\/index.php\/sklep\/\">\n\t\t\t\t\t\t<span class=\"elementor-button-content-wrapper\">\n\t\t\t\t\t\t<span class=\"elementor-button-icon\">\n\t\t\t\t<svg aria-hidden=\"true\" class=\"e-font-icon-svg e-fas-wrench\" viewBox=\"0 0 512 512\" xmlns=\"http:\/\/www.w3.org\/2000\/svg\"><path d=\"M507.73 109.1c-2.24-9.03-13.54-12.09-20.12-5.51l-74.36 74.36-67.88-11.31-11.31-67.88 74.36-74.36c6.62-6.62 3.43-17.9-5.66-20.16-47.38-11.74-99.55.91-136.58 37.93-39.64 39.64-50.55 97.1-34.05 147.2L18.74 402.76c-24.99 24.99-24.99 65.51 0 90.5 24.99 24.99 65.51 24.99 90.5 0l213.21-213.21c50.12 16.71 107.47 5.68 147.37-34.22 37.07-37.07 49.7-89.32 37.91-136.73zM64 472c-13.25 0-24-10.75-24-24 0-13.26 10.75-24 24-24s24 10.74 24 24c0 13.25-10.75 24-24 24z\"><\/path><\/svg>\t\t\t<\/span>\n\t\t\t\t\t\t\t\t\t<span class=\"elementor-button-text\">Zam\u00f3w napraw\u0119<\/span>\n\t\t\t\t\t<\/span>\n\t\t\t\t\t<\/a>\n\t\t\t\t<\/div>\n\t\t\t\t\t\t\t\t<\/div>\n\t\t\t\t<\/div>\n\t\t\t\t<\/div>\n\t\t<div class=\"elementor-element elementor-element-70744590 e-con-full e-flex e-con e-child\" data-id=\"70744590\" data-element_type=\"container\" data-e-type=\"container\">\n\t\t\t\t<div class=\"elementor-element elementor-element-519ae91d elementor-align-right elementor-widget elementor-widget-button\" data-id=\"519ae91d\" data-element_type=\"widget\" data-e-type=\"widget\" data-widget_type=\"button.default\">\n\t\t\t\t<div class=\"elementor-widget-container\">\n\t\t\t\t\t\t\t\t\t<div class=\"elementor-button-wrapper\">\n\t\t\t\t\t<a class=\"elementor-button elementor-button-link elementor-size-sm\" href=\"tel:+48780605830\">\n\t\t\t\t\t\t<span class=\"elementor-button-content-wrapper\">\n\t\t\t\t\t\t<span class=\"elementor-button-icon\">\n\t\t\t\t<svg aria-hidden=\"true\" class=\"e-font-icon-svg e-fas-phone-square-alt\" viewBox=\"0 0 448 512\" xmlns=\"http:\/\/www.w3.org\/2000\/svg\"><path d=\"M400 32H48A48 48 0 0 0 0 80v352a48 48 0 0 0 48 48h352a48 48 0 0 0 48-48V80a48 48 0 0 0-48-48zm-16.39 307.37l-15 65A15 15 0 0 1 354 416C194 416 64 286.29 64 126a15.7 15.7 0 0 1 11.63-14.61l65-15A18.23 18.23 0 0 1 144 96a16.27 16.27 0 0 1 13.79 9.09l30 70A17.9 17.9 0 0 1 189 181a17 17 0 0 1-5.5 11.61l-37.89 31a231.91 231.91 0 0 0 110.78 110.78l31-37.89A17 17 0 0 1 299 291a17.85 17.85 0 0 1 5.91 1.21l70 30A16.25 16.25 0 0 1 384 336a17.41 17.41 0 0 1-.39 3.37z\"><\/path><\/svg>\t\t\t<\/span>\n\t\t\t\t\t\t\t\t\t<span class=\"elementor-button-text\">Zadzwo\u0144<\/span>\n\t\t\t\t\t<\/span>\n\t\t\t\t\t<\/a>\n\t\t\t\t<\/div>\n\t\t\t\t\t\t\t\t<\/div>\n\t\t\t\t<\/div>\n\t\t\t\t<\/div>\n\t\t<div class=\"elementor-element elementor-element-559392f1 e-con-full e-flex e-con e-child\" data-id=\"559392f1\" data-element_type=\"container\" data-e-type=\"container\">\n\t\t\t\t<div class=\"elementor-element elementor-element-7cbd0a6a elementor-align-right elementor-widget elementor-widget-button\" data-id=\"7cbd0a6a\" data-element_type=\"widget\" data-e-type=\"widget\" data-widget_type=\"button.default\">\n\t\t\t\t<div class=\"elementor-widget-container\">\n\t\t\t\t\t\t\t\t\t<div class=\"elementor-button-wrapper\">\n\t\t\t\t\t<a class=\"elementor-button elementor-button-link elementor-size-sm\" href=\"https:\/\/www.haldexserwis.eu\/index.php\/poradnik\/\">\n\t\t\t\t\t\t<span class=\"elementor-button-content-wrapper\">\n\t\t\t\t\t\t<span class=\"elementor-button-icon\">\n\t\t\t\t<svg aria-hidden=\"true\" class=\"e-font-icon-svg e-fas-info\" viewBox=\"0 0 192 512\" xmlns=\"http:\/\/www.w3.org\/2000\/svg\"><path d=\"M20 424.229h20V279.771H20c-11.046 0-20-8.954-20-20V212c0-11.046 8.954-20 20-20h112c11.046 0 20 8.954 20 20v212.229h20c11.046 0 20 8.954 20 20V492c0 11.046-8.954 20-20 20H20c-11.046 0-20-8.954-20-20v-47.771c0-11.046 8.954-20 20-20zM96 0C56.235 0 24 32.235 24 72s32.235 72 72 72 72-32.235 72-72S135.764 0 96 0z\"><\/path><\/svg>\t\t\t<\/span>\n\t\t\t\t\t\t\t\t\t<span class=\"elementor-button-text\">Wstecz<\/span>\n\t\t\t\t\t<\/span>\n\t\t\t\t\t<\/a>\n\t\t\t\t<\/div>\n\t\t\t\t\t\t\t\t<\/div>\n\t\t\t\t<\/div>\n\t\t\t\t<\/div>\n\t\t\t\t\t<\/div>\n\t\t\t\t<\/div>\n\t\t\t\t<\/div>\n\t\t","protected":false},"excerpt":{"rendered":"<p>Haldex 5 generacji. Serwis Wymiana oleju. Kiedy nale\u017cy wymieni\u0107 olej w uk\u0142adzie Haldex? \u26a0\ufe0f Olej w systemie Haldex nale\u017cy wymienia\u0107 co 30 000 km.\u26a0\ufe0f Ta generacja Haldex nie posiada filtra wi\u0119c zalecamy przy ka\u017cdej wymianie oleju demonta\u017c pompy z czyszczeniem sitka pompy a nast\u0119pnie zamontowa\u0107 j\u0105 z powrotem, u\u017cywaj\u0105c u\u017cywaj\u0105c nowych uszczelek (oring\u00f3w). Tutaj znajdziecie [&hellip;]<\/p>\n","protected":false},"author":1,"featured_media":0,"parent":0,"menu_order":0,"comment_status":"closed","ping_status":"closed","template":"","meta":{"footnotes":""},"class_list":["post-3179","page","type-page","status-publish","hentry"],"blocksy_meta":{"has_hero_section":"disabled","styles_descriptor":{"styles":{"desktop":"","tablet":"","mobile":""},"google_fonts":[],"version":6}},"_links":{"self":[{"href":"https:\/\/www.haldexserwis.eu\/index.php\/wp-json\/wp\/v2\/pages\/3179","targetHints":{"allow":["GET"]}}],"collection":[{"href":"https:\/\/www.haldexserwis.eu\/index.php\/wp-json\/wp\/v2\/pages"}],"about":[{"href":"https:\/\/www.haldexserwis.eu\/index.php\/wp-json\/wp\/v2\/types\/page"}],"author":[{"embeddable":true,"href":"https:\/\/www.haldexserwis.eu\/index.php\/wp-json\/wp\/v2\/users\/1"}],"replies":[{"embeddable":true,"href":"https:\/\/www.haldexserwis.eu\/index.php\/wp-json\/wp\/v2\/comments?post=3179"}],"version-history":[{"count":19,"href":"https:\/\/www.haldexserwis.eu\/index.php\/wp-json\/wp\/v2\/pages\/3179\/revisions"}],"predecessor-version":[{"id":3433,"href":"https:\/\/www.haldexserwis.eu\/index.php\/wp-json\/wp\/v2\/pages\/3179\/revisions\/3433"}],"wp:attachment":[{"href":"https:\/\/www.haldexserwis.eu\/index.php\/wp-json\/wp\/v2\/media?parent=3179"}],"curies":[{"name":"wp","href":"https:\/\/api.w.org\/{rel}","templated":true}]}}