{"id":3164,"date":"2026-05-06T16:29:30","date_gmt":"2026-05-06T16:29:30","guid":{"rendered":"https:\/\/www.haldexserwis.eu\/?page_id=3164"},"modified":"2026-05-08T16:45:21","modified_gmt":"2026-05-08T16:45:21","slug":"vw-audi-skoda-seat-haldex-5-generacji-szczegoly-i-typowe-usterki","status":"publish","type":"page","link":"https:\/\/www.haldexserwis.eu\/index.php\/vw-audi-skoda-seat-haldex-5-generacji-szczegoly-i-typowe-usterki\/","title":{"rendered":"VW Audi Skoda Seat Haldex 5. generacji \u2013 Szczeg\u00f3\u0142y i typowe usterki"},"content":{"rendered":"\t\t<div data-elementor-type=\"wp-page\" data-elementor-id=\"3164\" class=\"elementor elementor-3164\">\n\t\t\t\t<div class=\"elementor-element elementor-element-80be2c4 e-flex e-con-boxed e-con e-parent\" data-id=\"80be2c4\" data-element_type=\"container\" data-e-type=\"container\">\n\t\t\t\t\t<div class=\"e-con-inner\">\n\t\t\t\t<div class=\"elementor-element elementor-element-3ea32df elementor-widget elementor-widget-heading\" data-id=\"3ea32df\" data-element_type=\"widget\" data-e-type=\"widget\" data-widget_type=\"heading.default\">\n\t\t\t\t<div class=\"elementor-widget-container\">\n\t\t\t\t\t<h1 class=\"elementor-heading-title elementor-size-default\">VW Audi Skoda Seat Haldex 5 generacji \u2013 Szczeg\u00f3\u0142y i typowe usterki<\/h1>\t\t\t\t<\/div>\n\t\t\t\t<\/div>\n\t\t\t\t<div class=\"elementor-element elementor-element-26b10da elementor-widget elementor-widget-heading\" data-id=\"26b10da\" data-element_type=\"widget\" data-e-type=\"widget\" data-widget_type=\"heading.default\">\n\t\t\t\t<div class=\"elementor-widget-container\">\n\t\t\t\t\t<h2 class=\"elementor-heading-title elementor-size-default\">Budowa uk\u0142adu<\/h2>\t\t\t\t<\/div>\n\t\t\t\t<\/div>\n\t\t\t\t<div class=\"elementor-element elementor-element-ec18691 elementor-widget elementor-widget-text-editor\" data-id=\"ec18691\" data-element_type=\"widget\" data-e-type=\"widget\" data-widget_type=\"text-editor.default\">\n\t\t\t\t<div class=\"elementor-widget-container\">\n\t\t\t\t\t\t\t\t\t<p>System ten sk\u0142ada si\u0119 zaledwie z kilku element\u00f3w. W jego sk\u0142ad wchodzi jednostka steruj\u0105ca, kt\u00f3ra zasila pomp\u0119 wyposa\u017con\u0105 w sitko filtruj\u0105ce. W momencie wytworzenia ci\u015bnienia t\u0142ok wywiera nacisk na zestaw sprz\u0119g\u0142a, co aktywuje nap\u0119d na cztery ko\u0142a. System posiada r\u00f3wnie\u017c zaw\u00f3r bezpiecze\u0144stwa, kt\u00f3ry odprowadza nadmiar ci\u015bnienia oleju.<\/p>\t\t\t\t\t\t\t\t<\/div>\n\t\t\t\t<\/div>\n\t\t\t\t<div class=\"elementor-element elementor-element-16bde78 elementor-widget elementor-widget-image\" data-id=\"16bde78\" data-element_type=\"widget\" data-e-type=\"widget\" data-widget_type=\"image.default\">\n\t\t\t\t<div class=\"elementor-widget-container\">\n\t\t\t\t\t\t\t\t\t\t\t\t\t\t\t<img fetchpriority=\"high\" decoding=\"async\" width=\"676\" height=\"663\" src=\"https:\/\/www.haldexserwis.eu\/wp-content\/uploads\/2025\/02\/gen5-detailed.png\" class=\"attachment-large size-large wp-image-1340\" alt=\"\" srcset=\"https:\/\/www.haldexserwis.eu\/wp-content\/uploads\/2025\/02\/gen5-detailed.png 676w, https:\/\/www.haldexserwis.eu\/wp-content\/uploads\/2025\/02\/gen5-detailed-600x588.png 600w, https:\/\/www.haldexserwis.eu\/wp-content\/uploads\/2025\/02\/gen5-detailed-300x294.png 300w\" sizes=\"(max-width: 676px) 100vw, 676px\" \/>\t\t\t\t\t\t\t\t\t\t\t\t\t\t\t<\/div>\n\t\t\t\t<\/div>\n\t\t\t\t<div class=\"elementor-element elementor-element-a7f4820 elementor-widget elementor-widget-text-editor\" data-id=\"a7f4820\" data-element_type=\"widget\" data-e-type=\"widget\" data-widget_type=\"text-editor.default\">\n\t\t\t\t<div class=\"elementor-widget-container\">\n\t\t\t\t\t\t\t\t\t<p>W odr\u00f3\u017cnieniu od wcze\u015bniejszych generacji, brak tutaj filtra w postaci wymiennego wk\u0142adu. System nie posiada tak\u017ce zaworu \u201en373\u201d do regulacji k\u0105ta pracy sprz\u0119g\u0142a ani czujnik\u00f3w ci\u015bnienia. Wszelkie warto\u015bci ci\u015bnienia widoczne w blokach pomiarowych w narz\u0119dziach diagnostycznych s\u0105 wy\u0142\u0105cznie estymowane i maj\u0105 charakter orientacyjny.<\/p>\t\t\t\t\t\t\t\t<\/div>\n\t\t\t\t<\/div>\n\t\t\t\t<div class=\"elementor-element elementor-element-32a2235 elementor-widget elementor-widget-heading\" data-id=\"32a2235\" data-element_type=\"widget\" data-e-type=\"widget\" data-widget_type=\"heading.default\">\n\t\t\t\t<div class=\"elementor-widget-container\">\n\t\t\t\t\t<h2 class=\"elementor-heading-title elementor-size-default\">Typowe kody b\u0142\u0119d\u00f3w<\/h2>\t\t\t\t<\/div>\n\t\t\t\t<\/div>\n\t\t\t\t<div class=\"elementor-element elementor-element-38c2597 elementor-widget elementor-widget-text-editor\" data-id=\"38c2597\" data-element_type=\"widget\" data-e-type=\"widget\" data-widget_type=\"text-editor.default\">\n\t\t\t\t<div class=\"elementor-widget-container\">\n\t\t\t\t\t\t\t\t\t<p><strong>Podczas skanowania pojazdu w celu odczytu kod\u00f3w b\u0142\u0119d\u00f3w<\/strong> wa\u017cne jest, aby u\u017cywa\u0107 dobrego systemu diagnostycznego. W przeciwnym razie mo\u017ce si\u0119 okaza\u0107, \u017ce \u017cadne kody b\u0142\u0119d\u00f3w nie s\u0105 zapisane!<\/p><ul><li><strong>131599<\/strong> \u2013 Sprz\u0119g\u0142o nap\u0119du na wszystkie ko\u0142a \u2013 U0114 00 [009] \u2013 Brak komunikacji (zazwyczaj problem z modu\u0142em ECU)<\/li><li><strong>131599<\/strong> \u2013 Modu\u0142 sterowania sprz\u0119g\u0142em nap\u0119du na wszystkie ko\u0142a \u2013 C1113 07 \u2013 B\u0142\u0105d przerywany (zazwyczaj problem z modu\u0142em ECU)<\/li><li><strong>16670<\/strong> \u2013 Nap\u0119d na wszystkie ko\u0142a \u2013 C1113 07 [008] \u2013 Awaria mechaniczna (zazwyczaj problem z pomp\u0105 LUB\/i skrzynk\u0105 rozdzielcz\u0105)<\/li><li><strong>16671<\/strong> \u2013 Pompa sprz\u0119g\u0142a Haldex \u2013 C1112 04 [008] \u2013 B\u0142\u0105d wewn\u0119trzny systemu (uszkodzona pompa ORAZ modu\u0142 ECU wymaga naprawy)<\/li><li><strong>16671<\/strong> \u2013 B\u0142\u0105d pompy sprz\u0119g\u0142a Haldex \u2013 C1112 04 \u2013 Stan pasywny\/przerywany (uszkodzona pompa ORAZ modu\u0142 ECU wymaga naprawy)<\/li><li><strong>16668<\/strong> \u2013 Pompa sprz\u0119g\u0142a Haldex \u2013 C1112 07 [008] \u2013 Awaria mechaniczna przerywana (zazwyczaj problem z pomp\u0105)<\/li><li><strong>16666<\/strong> \u2013 Pompa sprz\u0119g\u0142a Haldex \u2013 C1112 13 [008] \u2013 Obw\u00f3d otwarty (zazwyczaj problem z pomp\u0105)<\/li><li><strong>16664<\/strong> \u2013 Pompa sprz\u0119g\u0142a Haldex \u2013 C1112 11 \u2013 Zwarcie do masy<\/li><li><strong>C111307<\/strong> \u2013 Awaria mechaniczna \u2013 Stan pasywny\/przerywany (zazwyczaj zablokowana pompa, wymaga oczyszczenia i ponownej adaptacji lub problem ze skrzynk\u0105 rozdzielcz\u0105).<\/li><\/ul><p><strong>\u26a0\ufe0f UWAGA!\u00a0<br \/>B\u0142ad 16671 \u2013 Pompa sprz\u0119g\u0142a Haldex \u2013 C1112 04 [008] Wewn\u0119trzny b\u0142\u0105d systemowy lub \u201eC111204 Pompa sprz\u0119g\u0142a Haldex, uszkodzona\u201d<\/strong><\/p><p>B\u0142\u0105d <strong>ISF (Internal System Fault \u2013 wewn\u0119trzny b\u0142\u0105d systemowy)<\/strong> wyst\u0119puje, gdy pompa jest uszkodzona. Jednak nawet po zamontowaniu nowej pompy kod 16671 cz\u0119sto pojawia si\u0119 ponownie po jego skasowaniu. Jest to znany problem oprogramowania w sterowniku Haldex pi\u0105tej generacji. W wi\u0119kszo\u015bci przypadk\u00f3w przeprowadzenie procedury \u201ePump Learn\u201d nie rozwi\u0105zuje problemu \u2013 czasami kod b\u0142\u0119du znika, ale w wielu przypadkach pozostaje.\u00a0Problem wynika z wewn\u0119trznej tabeli systemowej u\u017cywanej przez oprogramowanie sterownika do kalibracji czujnik\u00f3w nat\u0119\u017cenia pr\u0105du i napi\u0119cia. Je\u015bli zapisane warto\u015bci odbiegaj\u0105 od dopuszczalnego zakresu, sterownik wykrywa b\u0142\u0105d ISF. Przyczyn\u0105 jest zazwyczaj uszkodzona pompa.<\/p><p><strong>W takim przypadku<\/strong> prosimy <a href=\"https:\/\/www.haldexserwis.eu\/index.php\/produkt\/naprawa-sterownika-haldex-5-generacji\/\"><strong>wys\u0142a\u0107 sterownik do nas<\/strong><\/a> i my r\u0119cznie wprowadzimy odpowiednie zmiany w oprogramowaniu.<\/p><p><strong>Kod 16671 mo\u017ce by\u0107 r\u00f3wnie\u017c spowodowany s\u0142abym zasilaniem sterownika Haldex. Do sterownika dochodz\u0105 dwa zasilania 12V.<\/strong><\/p><p>Sprawd\u017a oba zasilania za pomoc\u0105 \u017car\u00f3wki 12V, poniewa\u017c stanowi to test obci\u0105\u017ceniowy. Nie u\u017cywaj multimetru, poniewa\u017c nawet przy s\u0142abych po\u0142\u0105czeniach lub skorodowanych pinach nadal otrzymasz odczyt 12V.<\/p>\t\t\t\t\t\t\t\t<\/div>\n\t\t\t\t<\/div>\n\t\t\t\t<div class=\"elementor-element elementor-element-72f88e4 elementor-widget elementor-widget-heading\" data-id=\"72f88e4\" data-element_type=\"widget\" data-e-type=\"widget\" data-widget_type=\"heading.default\">\n\t\t\t\t<div class=\"elementor-widget-container\">\n\t\t\t\t\t<h2 class=\"elementor-heading-title elementor-size-default\">Sprawdzenie zasilania<\/h2>\t\t\t\t<\/div>\n\t\t\t\t<\/div>\n\t\t\t\t<div class=\"elementor-element elementor-element-d2c6d13 elementor-widget elementor-widget-text-editor\" data-id=\"d2c6d13\" data-element_type=\"widget\" data-e-type=\"widget\" data-widget_type=\"text-editor.default\">\n\t\t\t\t<div class=\"elementor-widget-container\">\n\t\t\t\t\t\t\t\t\t<p>Najcz\u0119stsz\u0105 przyczyn\u0105 braku zasilania s\u0105:<\/p><ul><li>Spalony bezpiecznik (w systemie Haldex pi\u0105tej generacji w samochodach VAG znajduj\u0105 si\u0119 dwa bezpieczniki, jeden pod desk\u0105 w kabinie, drugi pod mask\u0105 samochodu).<\/li><li>Uszkodzone z\u0142\u0105cze pod tylnymi siedzeniami, znajduj\u0105ce si\u0119 pod plastikowymi os\u0142onami dost\u0119pu do zbiornika paliwa. Jest to z\u0142\u0105cze 6-pinowe, z kt\u00f3rego tylko 5 pin\u00f3w jest u\u017cywanych. Lub w przypadku VW T5 wi\u0105zka kabli przy lewym tylnym kole.<\/li><\/ul>\t\t\t\t\t\t\t\t<\/div>\n\t\t\t\t<\/div>\n\t\t<div class=\"elementor-element elementor-element-9c4d9f5 e-con-full e-flex e-con e-child\" data-id=\"9c4d9f5\" data-element_type=\"container\" data-e-type=\"container\">\n\t\t<div class=\"elementor-element elementor-element-b11ad6b e-con-full e-flex e-con e-child\" data-id=\"b11ad6b\" data-element_type=\"container\" data-e-type=\"container\">\n\t\t\t\t<div class=\"elementor-element elementor-element-a83f5ed elementor-widget elementor-widget-image\" data-id=\"a83f5ed\" data-element_type=\"widget\" data-e-type=\"widget\" data-widget_type=\"image.default\">\n\t\t\t\t<div class=\"elementor-widget-container\">\n\t\t\t\t\t\t\t\t\t\t\t\t\t\t\t<img decoding=\"async\" width=\"1024\" height=\"709\" src=\"https:\/\/www.haldexserwis.eu\/wp-content\/uploads\/2025\/05\/Haldex-generacja-5-schemat-zasilania-v2-1024x709.jpeg\" class=\"attachment-large size-large wp-image-2009\" alt=\"\" srcset=\"https:\/\/www.haldexserwis.eu\/wp-content\/uploads\/2025\/05\/Haldex-generacja-5-schemat-zasilania-v2-1024x709.jpeg 1024w, https:\/\/www.haldexserwis.eu\/wp-content\/uploads\/2025\/05\/Haldex-generacja-5-schemat-zasilania-v2-300x208.jpeg 300w, https:\/\/www.haldexserwis.eu\/wp-content\/uploads\/2025\/05\/Haldex-generacja-5-schemat-zasilania-v2-768x532.jpeg 768w, https:\/\/www.haldexserwis.eu\/wp-content\/uploads\/2025\/05\/Haldex-generacja-5-schemat-zasilania-v2-1536x1064.jpeg 1536w, https:\/\/www.haldexserwis.eu\/wp-content\/uploads\/2025\/05\/Haldex-generacja-5-schemat-zasilania-v2-600x416.jpeg 600w, https:\/\/www.haldexserwis.eu\/wp-content\/uploads\/2025\/05\/Haldex-generacja-5-schemat-zasilania-v2.jpeg 1549w\" sizes=\"(max-width: 1024px) 100vw, 1024px\" \/>\t\t\t\t\t\t\t\t\t\t\t\t\t\t\t<\/div>\n\t\t\t\t<\/div>\n\t\t\t\t<\/div>\n\t\t<div class=\"elementor-element elementor-element-5f2e560 e-con-full e-flex e-con e-child\" data-id=\"5f2e560\" data-element_type=\"container\" data-e-type=\"container\">\n\t\t\t\t<div class=\"elementor-element elementor-element-a0e5668 elementor-widget elementor-widget-image\" data-id=\"a0e5668\" data-element_type=\"widget\" data-e-type=\"widget\" data-widget_type=\"image.default\">\n\t\t\t\t<div class=\"elementor-widget-container\">\n\t\t\t\t\t\t\t\t\t\t\t\t\t\t\t<img decoding=\"async\" width=\"500\" height=\"602\" src=\"https:\/\/www.haldexserwis.eu\/wp-content\/uploads\/2025\/05\/Haldex-gen-5-sterownik-schemat.png\" class=\"attachment-large size-large wp-image-2006\" alt=\"\" srcset=\"https:\/\/www.haldexserwis.eu\/wp-content\/uploads\/2025\/05\/Haldex-gen-5-sterownik-schemat.png 500w, https:\/\/www.haldexserwis.eu\/wp-content\/uploads\/2025\/05\/Haldex-gen-5-sterownik-schemat-249x300.png 249w\" sizes=\"(max-width: 500px) 100vw, 500px\" \/>\t\t\t\t\t\t\t\t\t\t\t\t\t\t\t<\/div>\n\t\t\t\t<\/div>\n\t\t\t\t<\/div>\n\t\t<div class=\"elementor-element elementor-element-a8bbaa8 e-con-full e-flex e-con e-child\" data-id=\"a8bbaa8\" data-element_type=\"container\" data-e-type=\"container\">\n\t\t\t\t<div class=\"elementor-element elementor-element-bdbb804 elementor-widget elementor-widget-image\" data-id=\"bdbb804\" data-element_type=\"widget\" data-e-type=\"widget\" data-widget_type=\"image.default\">\n\t\t\t\t<div class=\"elementor-widget-container\">\n\t\t\t\t\t\t\t\t\t\t\t\t\t\t\t<img loading=\"lazy\" decoding=\"async\" width=\"325\" height=\"261\" src=\"https:\/\/www.haldexserwis.eu\/wp-content\/uploads\/2025\/02\/VAG-8pin-pinout.png\" class=\"attachment-large size-large wp-image-1341\" alt=\"Haldex 5 generacji wtyczka zasilania\" srcset=\"https:\/\/www.haldexserwis.eu\/wp-content\/uploads\/2025\/02\/VAG-8pin-pinout.png 325w, https:\/\/www.haldexserwis.eu\/wp-content\/uploads\/2025\/02\/VAG-8pin-pinout-300x241.png 300w\" sizes=\"(max-width: 325px) 100vw, 325px\" \/>\t\t\t\t\t\t\t\t\t\t\t\t\t\t\t<\/div>\n\t\t\t\t<\/div>\n\t\t\t\t<\/div>\n\t\t\t\t<\/div>\n\t\t\t\t<div class=\"elementor-element elementor-element-d42aba5 elementor-widget elementor-widget-heading\" data-id=\"d42aba5\" data-element_type=\"widget\" data-e-type=\"widget\" data-widget_type=\"heading.default\">\n\t\t\t\t<div class=\"elementor-widget-container\">\n\t\t\t\t\t<h2 class=\"elementor-heading-title elementor-size-default\">Pompa Haldex. Sprawdzenie<\/h2>\t\t\t\t<\/div>\n\t\t\t\t<\/div>\n\t\t\t\t<div class=\"elementor-element elementor-element-0679e91 elementor-widget elementor-widget-text-editor\" data-id=\"0679e91\" data-element_type=\"widget\" data-e-type=\"widget\" data-widget_type=\"text-editor.default\">\n\t\t\t\t<div class=\"elementor-widget-container\">\n\t\t\t\t\t\t\t\t\t<p>Pomp\u0119 Haldex 5 generacji sprawdzamy miernikiem. Oporno\u015b\u0107 uzwojenia silnika pompy powinna wynosi\u0107 5 &#8230; 8 Ohm. W praktyce nie powinna by\u0107 poni\u017cej 2 Ohm. Je\u017celi oporno\u015b\u0107 pompy b\u0119dzie poni\u017cej 2 Ohm w niekt\u00f3rych przypadkach pomaga wyczyszczenie szczotek oraz komutatora silnika pompy. Do uszkodzenia (utraty wydajno\u015bci) pompy cz\u0119sto doprowadza brak wymiany oleju w uk\u0142adzie Haldex.\u00a0<\/p><p>\u26a0\ufe0f <strong>UWAGA<\/strong>! Po zamontowaniu nowej pompy konieczne jest przeprowadzenie procedury adaptacji. Pozwoli to sterownikowi na zapisanie prawid\u0142owych warto\u015bci zasilania i zapewni poprawne dzia\u0142anie nap\u0119du.<\/p><p><strong>Sterownik Haldex uczy si\u0119, ile mocy jest potrzebne do pracy pompy, a\u017c do osi\u0105gni\u0119cia okre\u015blonego progu ci\u015bnienia.<\/strong> Proces ten odbywa si\u0119 poprzez monitorowanie poboru pr\u0105du przez pomp\u0119. Je\u015bli pompa jest zablokowana lub uszkodzona, sterownik zapisuje bardzo niskie warto\u015bci adaptacyjne. W efekcie, gdy uk\u0142ad pr\u00f3buje za\u0142\u0105czy\u0107 pomp\u0119, nie dostarcza wystarczaj\u0105cej mocy, aby mog\u0142a poprawnie zadzia\u0142a\u0107.<\/p><p>Niezwykle wa\u017cna jest r\u00f3wnie\u017c regularna i poprawna wymiana oleju z demonta\u017cem oraz myciem sitka pompy (pami\u0119tajmy, \u017ce 5-ta generacja nie posiada filtra).<\/p><p>UWAGA! Olej wymieniamy co 30,000 km.<\/p>\t\t\t\t\t\t\t\t<\/div>\n\t\t\t\t<\/div>\n\t\t<div class=\"elementor-element elementor-element-4942c97 e-con-full e-flex e-con e-child\" data-id=\"4942c97\" data-element_type=\"container\" data-e-type=\"container\">\n\t\t<div class=\"elementor-element elementor-element-2712360 e-con-full e-flex e-con e-child\" data-id=\"2712360\" data-element_type=\"container\" data-e-type=\"container\">\n\t\t\t\t<div class=\"elementor-element elementor-element-906f839 elementor-widget elementor-widget-image\" data-id=\"906f839\" data-element_type=\"widget\" data-e-type=\"widget\" data-widget_type=\"image.default\">\n\t\t\t\t<div class=\"elementor-widget-container\">\n\t\t\t\t\t\t\t\t\t\t\t\t\t\t\t<img loading=\"lazy\" decoding=\"async\" width=\"1024\" height=\"605\" src=\"https:\/\/www.haldexserwis.eu\/wp-content\/uploads\/2025\/02\/haldex-gen5-pump-learning-1024x605.png\" class=\"attachment-large size-large wp-image-1386\" alt=\"haldex 5 generacji kalibracja pompy\" srcset=\"https:\/\/www.haldexserwis.eu\/wp-content\/uploads\/2025\/02\/haldex-gen5-pump-learning-1024x605.png 1024w, https:\/\/www.haldexserwis.eu\/wp-content\/uploads\/2025\/02\/haldex-gen5-pump-learning-600x354.png 600w, https:\/\/www.haldexserwis.eu\/wp-content\/uploads\/2025\/02\/haldex-gen5-pump-learning-300x177.png 300w, https:\/\/www.haldexserwis.eu\/wp-content\/uploads\/2025\/02\/haldex-gen5-pump-learning-768x454.png 768w, https:\/\/www.haldexserwis.eu\/wp-content\/uploads\/2025\/02\/haldex-gen5-pump-learning-1536x907.png 1536w, https:\/\/www.haldexserwis.eu\/wp-content\/uploads\/2025\/02\/haldex-gen5-pump-learning.png 1894w\" sizes=\"(max-width: 1024px) 100vw, 1024px\" \/>\t\t\t\t\t\t\t\t\t\t\t\t\t\t\t<\/div>\n\t\t\t\t<\/div>\n\t\t\t\t<\/div>\n\t\t<div class=\"elementor-element elementor-element-64b68b0 e-con-full e-flex e-con e-child\" data-id=\"64b68b0\" data-element_type=\"container\" data-e-type=\"container\">\n\t\t\t\t<div class=\"elementor-element elementor-element-05a9743 elementor-widget elementor-widget-image\" data-id=\"05a9743\" data-element_type=\"widget\" data-e-type=\"widget\" data-widget_type=\"image.default\">\n\t\t\t\t<div class=\"elementor-widget-container\">\n\t\t\t\t\t\t\t\t\t\t\t\t\t\t\t<img loading=\"lazy\" decoding=\"async\" width=\"1024\" height=\"605\" src=\"https:\/\/www.haldexserwis.eu\/wp-content\/uploads\/2025\/02\/haldex-gen5-pump-learning-vcds-adapt-1024x605.jpg\" class=\"attachment-large size-large wp-image-1387\" alt=\"haldex 5 generacji kalibracja pompy\" srcset=\"https:\/\/www.haldexserwis.eu\/wp-content\/uploads\/2025\/02\/haldex-gen5-pump-learning-vcds-adapt-1024x605.jpg 1024w, https:\/\/www.haldexserwis.eu\/wp-content\/uploads\/2025\/02\/haldex-gen5-pump-learning-vcds-adapt-600x355.jpg 600w, https:\/\/www.haldexserwis.eu\/wp-content\/uploads\/2025\/02\/haldex-gen5-pump-learning-vcds-adapt-300x177.jpg 300w, https:\/\/www.haldexserwis.eu\/wp-content\/uploads\/2025\/02\/haldex-gen5-pump-learning-vcds-adapt-768x454.jpg 768w, https:\/\/www.haldexserwis.eu\/wp-content\/uploads\/2025\/02\/haldex-gen5-pump-learning-vcds-adapt-1536x908.jpg 1536w, https:\/\/www.haldexserwis.eu\/wp-content\/uploads\/2025\/02\/haldex-gen5-pump-learning-vcds-adapt.jpg 1904w\" sizes=\"(max-width: 1024px) 100vw, 1024px\" \/>\t\t\t\t\t\t\t\t\t\t\t\t\t\t\t<\/div>\n\t\t\t\t<\/div>\n\t\t\t\t<\/div>\n\t\t<div class=\"elementor-element elementor-element-2738c5d e-con-full e-flex e-con e-child\" data-id=\"2738c5d\" data-element_type=\"container\" data-e-type=\"container\">\n\t\t\t\t<div class=\"elementor-element elementor-element-bc2c001 elementor-widget elementor-widget-image\" data-id=\"bc2c001\" data-element_type=\"widget\" data-e-type=\"widget\" data-widget_type=\"image.default\">\n\t\t\t\t<div class=\"elementor-widget-container\">\n\t\t\t\t\t\t\t\t\t\t\t\t\t\t\t<img loading=\"lazy\" decoding=\"async\" width=\"1024\" height=\"608\" src=\"https:\/\/www.haldexserwis.eu\/wp-content\/uploads\/2025\/02\/haldex-gen5-pump-learning-vcds-run-1024x608.jpg\" class=\"attachment-large size-large wp-image-1388\" alt=\"haldex 5 generacji kalibracja pompy\" srcset=\"https:\/\/www.haldexserwis.eu\/wp-content\/uploads\/2025\/02\/haldex-gen5-pump-learning-vcds-run-1024x608.jpg 1024w, https:\/\/www.haldexserwis.eu\/wp-content\/uploads\/2025\/02\/haldex-gen5-pump-learning-vcds-run-600x356.jpg 600w, https:\/\/www.haldexserwis.eu\/wp-content\/uploads\/2025\/02\/haldex-gen5-pump-learning-vcds-run-300x178.jpg 300w, https:\/\/www.haldexserwis.eu\/wp-content\/uploads\/2025\/02\/haldex-gen5-pump-learning-vcds-run-768x456.jpg 768w, https:\/\/www.haldexserwis.eu\/wp-content\/uploads\/2025\/02\/haldex-gen5-pump-learning-vcds-run-1536x912.jpg 1536w, https:\/\/www.haldexserwis.eu\/wp-content\/uploads\/2025\/02\/haldex-gen5-pump-learning-vcds-run.jpg 1899w\" sizes=\"(max-width: 1024px) 100vw, 1024px\" \/>\t\t\t\t\t\t\t\t\t\t\t\t\t\t\t<\/div>\n\t\t\t\t<\/div>\n\t\t\t\t<\/div>\n\t\t\t\t<\/div>\n\t\t\t\t\t<\/div>\n\t\t\t\t<\/div>\n\t\t<div class=\"elementor-element elementor-element-17546de2 e-flex e-con-boxed e-con e-parent\" data-id=\"17546de2\" data-element_type=\"container\" data-e-type=\"container\">\n\t\t\t\t\t<div class=\"e-con-inner\">\n\t\t<div class=\"elementor-element elementor-element-44201d86 e-con-full e-flex e-con e-child\" data-id=\"44201d86\" data-element_type=\"container\" data-e-type=\"container\">\n\t\t\t\t<div class=\"elementor-element elementor-element-5b8203f6 elementor-align-right elementor-widget elementor-widget-button\" data-id=\"5b8203f6\" data-element_type=\"widget\" data-e-type=\"widget\" data-widget_type=\"button.default\">\n\t\t\t\t<div class=\"elementor-widget-container\">\n\t\t\t\t\t\t\t\t\t<div class=\"elementor-button-wrapper\">\n\t\t\t\t\t<a class=\"elementor-button elementor-button-link elementor-size-sm\" href=\"https:\/\/www.haldexserwis.eu\/index.php\/sklep\/\">\n\t\t\t\t\t\t<span class=\"elementor-button-content-wrapper\">\n\t\t\t\t\t\t<span class=\"elementor-button-icon\">\n\t\t\t\t<svg aria-hidden=\"true\" class=\"e-font-icon-svg e-fas-wrench\" viewBox=\"0 0 512 512\" xmlns=\"http:\/\/www.w3.org\/2000\/svg\"><path d=\"M507.73 109.1c-2.24-9.03-13.54-12.09-20.12-5.51l-74.36 74.36-67.88-11.31-11.31-67.88 74.36-74.36c6.62-6.62 3.43-17.9-5.66-20.16-47.38-11.74-99.55.91-136.58 37.93-39.64 39.64-50.55 97.1-34.05 147.2L18.74 402.76c-24.99 24.99-24.99 65.51 0 90.5 24.99 24.99 65.51 24.99 90.5 0l213.21-213.21c50.12 16.71 107.47 5.68 147.37-34.22 37.07-37.07 49.7-89.32 37.91-136.73zM64 472c-13.25 0-24-10.75-24-24 0-13.26 10.75-24 24-24s24 10.74 24 24c0 13.25-10.75 24-24 24z\"><\/path><\/svg>\t\t\t<\/span>\n\t\t\t\t\t\t\t\t\t<span class=\"elementor-button-text\">Zam\u00f3w napraw\u0119<\/span>\n\t\t\t\t\t<\/span>\n\t\t\t\t\t<\/a>\n\t\t\t\t<\/div>\n\t\t\t\t\t\t\t\t<\/div>\n\t\t\t\t<\/div>\n\t\t\t\t<\/div>\n\t\t<div class=\"elementor-element elementor-element-646ef646 e-con-full e-flex e-con e-child\" data-id=\"646ef646\" data-element_type=\"container\" data-e-type=\"container\">\n\t\t\t\t<div class=\"elementor-element elementor-element-139032ae elementor-align-right elementor-widget elementor-widget-button\" data-id=\"139032ae\" data-element_type=\"widget\" data-e-type=\"widget\" data-widget_type=\"button.default\">\n\t\t\t\t<div class=\"elementor-widget-container\">\n\t\t\t\t\t\t\t\t\t<div class=\"elementor-button-wrapper\">\n\t\t\t\t\t<a class=\"elementor-button elementor-button-link elementor-size-sm\" href=\"tel:+48780605830\">\n\t\t\t\t\t\t<span class=\"elementor-button-content-wrapper\">\n\t\t\t\t\t\t<span class=\"elementor-button-icon\">\n\t\t\t\t<svg aria-hidden=\"true\" class=\"e-font-icon-svg e-fas-phone-square-alt\" viewBox=\"0 0 448 512\" xmlns=\"http:\/\/www.w3.org\/2000\/svg\"><path d=\"M400 32H48A48 48 0 0 0 0 80v352a48 48 0 0 0 48 48h352a48 48 0 0 0 48-48V80a48 48 0 0 0-48-48zm-16.39 307.37l-15 65A15 15 0 0 1 354 416C194 416 64 286.29 64 126a15.7 15.7 0 0 1 11.63-14.61l65-15A18.23 18.23 0 0 1 144 96a16.27 16.27 0 0 1 13.79 9.09l30 70A17.9 17.9 0 0 1 189 181a17 17 0 0 1-5.5 11.61l-37.89 31a231.91 231.91 0 0 0 110.78 110.78l31-37.89A17 17 0 0 1 299 291a17.85 17.85 0 0 1 5.91 1.21l70 30A16.25 16.25 0 0 1 384 336a17.41 17.41 0 0 1-.39 3.37z\"><\/path><\/svg>\t\t\t<\/span>\n\t\t\t\t\t\t\t\t\t<span class=\"elementor-button-text\">Zadzwo\u0144<\/span>\n\t\t\t\t\t<\/span>\n\t\t\t\t\t<\/a>\n\t\t\t\t<\/div>\n\t\t\t\t\t\t\t\t<\/div>\n\t\t\t\t<\/div>\n\t\t\t\t<\/div>\n\t\t<div class=\"elementor-element elementor-element-145ed117 e-con-full e-flex e-con e-child\" data-id=\"145ed117\" data-element_type=\"container\" data-e-type=\"container\">\n\t\t\t\t<div class=\"elementor-element elementor-element-3fd5cf9b elementor-align-right elementor-widget elementor-widget-button\" data-id=\"3fd5cf9b\" data-element_type=\"widget\" data-e-type=\"widget\" data-widget_type=\"button.default\">\n\t\t\t\t<div class=\"elementor-widget-container\">\n\t\t\t\t\t\t\t\t\t<div class=\"elementor-button-wrapper\">\n\t\t\t\t\t<a class=\"elementor-button elementor-button-link elementor-size-sm\" href=\"https:\/\/www.haldexserwis.eu\/index.php\/poradnik\/\">\n\t\t\t\t\t\t<span class=\"elementor-button-content-wrapper\">\n\t\t\t\t\t\t<span class=\"elementor-button-icon\">\n\t\t\t\t<svg aria-hidden=\"true\" class=\"e-font-icon-svg e-fas-info\" viewBox=\"0 0 192 512\" xmlns=\"http:\/\/www.w3.org\/2000\/svg\"><path d=\"M20 424.229h20V279.771H20c-11.046 0-20-8.954-20-20V212c0-11.046 8.954-20 20-20h112c11.046 0 20 8.954 20 20v212.229h20c11.046 0 20 8.954 20 20V492c0 11.046-8.954 20-20 20H20c-11.046 0-20-8.954-20-20v-47.771c0-11.046 8.954-20 20-20zM96 0C56.235 0 24 32.235 24 72s32.235 72 72 72 72-32.235 72-72S135.764 0 96 0z\"><\/path><\/svg>\t\t\t<\/span>\n\t\t\t\t\t\t\t\t\t<span class=\"elementor-button-text\">Wstecz<\/span>\n\t\t\t\t\t<\/span>\n\t\t\t\t\t<\/a>\n\t\t\t\t<\/div>\n\t\t\t\t\t\t\t\t<\/div>\n\t\t\t\t<\/div>\n\t\t\t\t<\/div>\n\t\t\t\t\t<\/div>\n\t\t\t\t<\/div>\n\t\t\t\t<\/div>\n\t\t","protected":false},"excerpt":{"rendered":"<p>VW Audi Skoda Seat Haldex 5 generacji \u2013 Szczeg\u00f3\u0142y i typowe usterki Budowa uk\u0142adu System ten sk\u0142ada si\u0119 zaledwie z kilku element\u00f3w. W jego sk\u0142ad wchodzi jednostka steruj\u0105ca, kt\u00f3ra zasila pomp\u0119 wyposa\u017con\u0105 w sitko filtruj\u0105ce. W momencie wytworzenia ci\u015bnienia t\u0142ok wywiera nacisk na zestaw sprz\u0119g\u0142a, co aktywuje nap\u0119d na cztery ko\u0142a. System posiada r\u00f3wnie\u017c zaw\u00f3r [&hellip;]<\/p>\n","protected":false},"author":1,"featured_media":0,"parent":0,"menu_order":0,"comment_status":"closed","ping_status":"closed","template":"","meta":{"footnotes":""},"class_list":["post-3164","page","type-page","status-publish","hentry"],"blocksy_meta":{"has_hero_section":"disabled","styles_descriptor":{"styles":{"desktop":"","tablet":"","mobile":""},"google_fonts":[],"version":6}},"_links":{"self":[{"href":"https:\/\/www.haldexserwis.eu\/index.php\/wp-json\/wp\/v2\/pages\/3164","targetHints":{"allow":["GET"]}}],"collection":[{"href":"https:\/\/www.haldexserwis.eu\/index.php\/wp-json\/wp\/v2\/pages"}],"about":[{"href":"https:\/\/www.haldexserwis.eu\/index.php\/wp-json\/wp\/v2\/types\/page"}],"author":[{"embeddable":true,"href":"https:\/\/www.haldexserwis.eu\/index.php\/wp-json\/wp\/v2\/users\/1"}],"replies":[{"embeddable":true,"href":"https:\/\/www.haldexserwis.eu\/index.php\/wp-json\/wp\/v2\/comments?post=3164"}],"version-history":[{"count":16,"href":"https:\/\/www.haldexserwis.eu\/index.php\/wp-json\/wp\/v2\/pages\/3164\/revisions"}],"predecessor-version":[{"id":3415,"href":"https:\/\/www.haldexserwis.eu\/index.php\/wp-json\/wp\/v2\/pages\/3164\/revisions\/3415"}],"wp:attachment":[{"href":"https:\/\/www.haldexserwis.eu\/index.php\/wp-json\/wp\/v2\/media?parent=3164"}],"curies":[{"name":"wp","href":"https:\/\/api.w.org\/{rel}","templated":true}]}}