{"id":2812,"date":"2026-04-10T10:50:52","date_gmt":"2026-04-10T10:50:52","guid":{"rendered":"https:\/\/www.haldexserwis.eu\/?page_id=2812"},"modified":"2026-04-10T13:17:58","modified_gmt":"2026-04-10T13:17:58","slug":"polityka-reklamacji","status":"publish","type":"page","link":"https:\/\/www.haldexserwis.eu\/index.php\/polityka-reklamacji\/","title":{"rendered":"Polityka Reklamacji"},"content":{"rendered":"\t\t<div data-elementor-type=\"wp-page\" data-elementor-id=\"2812\" class=\"elementor elementor-2812\">\n\t\t\t\t<div class=\"elementor-element elementor-element-2fdfcc14 e-flex e-con-boxed e-con e-parent\" data-id=\"2fdfcc14\" data-element_type=\"container\" data-e-type=\"container\">\n\t\t\t\t\t<div class=\"e-con-inner\">\n\t\t\t\t<div class=\"elementor-element elementor-element-24ca7f77 elementor-widget elementor-widget-text-editor\" data-id=\"24ca7f77\" data-element_type=\"widget\" data-e-type=\"widget\" data-widget_type=\"text-editor.default\">\n\t\t\t\t<div class=\"elementor-widget-container\">\n\t\t\t\t\t\t\t\t\t<h3 data-section-id=\"ocbu40\" data-start=\"2016\" data-end=\"2043\"><span role=\"text\"><strong data-start=\"2020\" data-end=\"2043\">Podstawa reklamacji<\/strong><\/span><\/h3>\n<p data-start=\"2045\" data-end=\"2122\">Reklamacja stanowi ustawowe prawo klienta niezale\u017cne od udzielonej gwarancji.<\/p>\n<p data-start=\"2124\" data-end=\"2262\">Klient ma prawo z\u0142o\u017cy\u0107 reklamacj\u0119 dotycz\u0105c\u0105 wykonanej us\u0142ugi w przypadku, gdy us\u0142uga zosta\u0142a wykonana niezgodnie z umow\u0105 lub posiada wady.<\/p>\n<h3 data-section-id=\"1oq0xb\" data-start=\"2269\" data-end=\"2294\"><span role=\"text\"><strong data-start=\"2273\" data-end=\"2294\">Zakres reklamacji<\/strong><\/span><\/h3>\n<p data-start=\"2296\" data-end=\"2337\">Reklamacja mo\u017ce dotyczy\u0107 w szczeg\u00f3lno\u015bci:<\/p>\n<ul data-start=\"2339\" data-end=\"2524\">\n<li data-section-id=\"scghiq\" data-start=\"2339\" data-end=\"2373\">niew\u0142a\u015bciwie wykonanej naprawy<\/li>\n<li data-section-id=\"16p1dfc\" data-start=\"2374\" data-end=\"2483\">ponownego wyst\u0105pienia tej samej usterki wynikaj\u0105cej z tej samej przyczyny, kt\u00f3ra by\u0142a przedmiotem naprawy<\/li>\n<li data-section-id=\"1xj02mi\" data-start=\"2484\" data-end=\"2524\">braku usuni\u0119cia zg\u0142oszonego problemu<\/li>\n<\/ul>\n<p data-start=\"2526\" data-end=\"2749\">Reklamacja nie obejmuje naturalnego zu\u017cycia, uszkodze\u0144 mechanicznych ani usterek powsta\u0142ych po wykonaniu us\u0142ugi w wyniku nieprawid\u0142owego u\u017cytkowania, braku wymaganej obs\u0142ugi technicznej lub dzia\u0142ania czynnik\u00f3w zewn\u0119trznych.<\/p>\n<h3 data-section-id=\"lkv17g\" data-start=\"2756\" data-end=\"2782\"><span role=\"text\"><strong data-start=\"2760\" data-end=\"2782\">Czas na zg\u0142oszenie<\/strong><\/span><\/h3>\n<p data-start=\"2784\" data-end=\"2963\">Reklamacja mo\u017ce zosta\u0107 zg\u0142oszona w terminie wynikaj\u0105cym z obowi\u0105zuj\u0105cych przepis\u00f3w prawa dotycz\u0105cych us\u0142ug.<br data-start=\"2891\" data-end=\"2894\" \/>Reklamacje rozpatrywane s\u0105 zgodnie z obowi\u0105zuj\u0105cymi przepisami prawa.<\/p>\n<h3 data-section-id=\"yib33p\" data-start=\"2970\" data-end=\"2998\"><span role=\"text\"><strong data-start=\"2974\" data-end=\"2998\">Procedura zg\u0142oszenia<\/strong><\/span><\/h3>\n<p data-start=\"3000\" data-end=\"3039\">Aby z\u0142o\u017cy\u0107 reklamacj\u0119, klient powinien:<\/p>\n<ol data-start=\"3041\" data-end=\"3221\">\n<li data-section-id=\"166ic6i\" data-start=\"3041\" data-end=\"3083\">skontaktowa\u0107 si\u0119 z nami drog\u0105 mailow\u0105<\/li>\n<li data-section-id=\"1ys2k27\" data-start=\"3084\" data-end=\"3161\">opisa\u0107 problem oraz do\u0142\u0105czy\u0107 zdj\u0119cia lub inne materia\u0142y (je\u015bli dost\u0119pne)<\/li>\n<li data-section-id=\"siiqp2\" data-start=\"3162\" data-end=\"3221\">odes\u0142a\u0107 urz\u0105dzenie na adres serwisu w celu weryfikacji<\/li>\n<\/ol>\n<h3 data-section-id=\"1qlzx4m\" data-start=\"3228\" data-end=\"3259\"><span role=\"text\"><strong data-start=\"3232\" data-end=\"3259\">Rozpatrzenie reklamacji<\/strong><\/span><\/h3>\n<p data-start=\"3261\" data-end=\"3329\">Po otrzymaniu urz\u0105dzenia przeprowadzana jest weryfikacja techniczna.<\/p>\n<p data-start=\"3331\" data-end=\"3354\">W zale\u017cno\u015bci od wyniku:<\/p>\n<ul data-start=\"3356\" data-end=\"3524\">\n<li data-section-id=\"1nyq7u3\" data-start=\"3356\" data-end=\"3442\">reklamacja mo\u017ce zosta\u0107 uznana i us\u0142uga zostanie poprawiona bez dodatkowych koszt\u00f3w<\/li>\n<li data-section-id=\"8gl53p\" data-start=\"3443\" data-end=\"3524\">reklamacja mo\u017ce zosta\u0107 odrzucona, je\u015bli usterka nie wynika z wykonanej us\u0142ugi<\/li>\n<\/ul>\n<h3 data-section-id=\"cswvfq\" data-start=\"3531\" data-end=\"3545\"><span role=\"text\"><strong data-start=\"3535\" data-end=\"3545\">Koszty<\/strong><\/span><\/h3>\n<p data-start=\"3547\" data-end=\"3608\">W przypadku uznania reklamacji koszty naprawy pokrywa serwis.<\/p>\n<p data-start=\"3610\" data-end=\"3710\">Koszty wysy\u0142ki mog\u0105 by\u0107 rozpatrywane indywidualnie, chyba \u017ce obowi\u0105zuj\u0105ce przepisy stanowi\u0105 inaczej.<\/p>\t\t\t\t\t\t\t\t<\/div>\n\t\t\t\t<\/div>\n\t\t\t\t\t<\/div>\n\t\t\t\t<\/div>\n\t\t\t\t<\/div>\n\t\t","protected":false},"excerpt":{"rendered":"<p>Podstawa reklamacji Reklamacja stanowi ustawowe prawo klienta niezale\u017cne od udzielonej gwarancji. Klient ma prawo z\u0142o\u017cy\u0107 reklamacj\u0119 dotycz\u0105c\u0105 wykonanej us\u0142ugi w przypadku, gdy us\u0142uga zosta\u0142a wykonana niezgodnie z umow\u0105 lub posiada wady. Zakres reklamacji Reklamacja mo\u017ce dotyczy\u0107 w szczeg\u00f3lno\u015bci: niew\u0142a\u015bciwie wykonanej naprawy ponownego wyst\u0105pienia tej samej usterki wynikaj\u0105cej z tej samej przyczyny, kt\u00f3ra by\u0142a przedmiotem naprawy [&hellip;]<\/p>\n","protected":false},"author":1,"featured_media":0,"parent":0,"menu_order":0,"comment_status":"closed","ping_status":"closed","template":"","meta":{"footnotes":""},"class_list":["post-2812","page","type-page","status-publish","hentry"],"blocksy_meta":[],"_links":{"self":[{"href":"https:\/\/www.haldexserwis.eu\/index.php\/wp-json\/wp\/v2\/pages\/2812","targetHints":{"allow":["GET"]}}],"collection":[{"href":"https:\/\/www.haldexserwis.eu\/index.php\/wp-json\/wp\/v2\/pages"}],"about":[{"href":"https:\/\/www.haldexserwis.eu\/index.php\/wp-json\/wp\/v2\/types\/page"}],"author":[{"embeddable":true,"href":"https:\/\/www.haldexserwis.eu\/index.php\/wp-json\/wp\/v2\/users\/1"}],"replies":[{"embeddable":true,"href":"https:\/\/www.haldexserwis.eu\/index.php\/wp-json\/wp\/v2\/comments?post=2812"}],"version-history":[{"count":27,"href":"https:\/\/www.haldexserwis.eu\/index.php\/wp-json\/wp\/v2\/pages\/2812\/revisions"}],"predecessor-version":[{"id":2881,"href":"https:\/\/www.haldexserwis.eu\/index.php\/wp-json\/wp\/v2\/pages\/2812\/revisions\/2881"}],"wp:attachment":[{"href":"https:\/\/www.haldexserwis.eu\/index.php\/wp-json\/wp\/v2\/media?parent=2812"}],"curies":[{"name":"wp","href":"https:\/\/api.w.org\/{rel}","templated":true}]}}