{"id":1627,"date":"2025-03-27T20:00:53","date_gmt":"2025-03-27T20:00:53","guid":{"rendered":"https:\/\/www.haldexserwis.eu\/?page_id=1627"},"modified":"2026-04-17T12:30:54","modified_gmt":"2026-04-17T12:30:54","slug":"zwroty","status":"publish","type":"page","link":"https:\/\/www.haldexserwis.eu\/index.php\/zwroty\/","title":{"rendered":"Polityka p\u0142atno\u015bci i rozlicze\u0144"},"content":{"rendered":"\t\t<div data-elementor-type=\"wp-page\" data-elementor-id=\"1627\" class=\"elementor elementor-1627\">\n\t\t\t\t<div class=\"elementor-element elementor-element-6bf8f991 e-flex e-con-boxed e-con e-parent\" data-id=\"6bf8f991\" data-element_type=\"container\" data-e-type=\"container\">\n\t\t\t\t\t<div class=\"e-con-inner\">\n\t\t\t\t<div class=\"elementor-element elementor-element-2201c386 elementor-widget elementor-widget-text-editor\" data-id=\"2201c386\" data-element_type=\"widget\" data-e-type=\"widget\" data-widget_type=\"text-editor.default\">\n\t\t\t\t<div class=\"elementor-widget-container\">\n\t\t\t\t\t\t\t\t\t<p data-start=\"502\" data-end=\"594\">Dost\u0119pne metody p\u0142atno\u015bci mog\u0105 si\u0119 r\u00f3\u017cni\u0107 w zale\u017cno\u015bci od dost\u0119pno\u015bci dla danego zam\u00f3wienia oraz adresu rozliczeniowego klienta. W przypadku braku mo\u017cliwo\u015bci skorzystania z p\u0142atno\u015bci za pobraniem, wymagana jest przedp\u0142ata przed realizacj\u0105 us\u0142ugi. W takich przypadkach rozliczenie ko\u0144cowe odbywa si\u0119 na podstawie rzeczywistego zakresu wykonanych prac, a ewentualna r\u00f3\u017cnica mo\u017ce zosta\u0107 zwr\u00f3cona klientowi.<\/p><p data-start=\"502\" data-end=\"594\">Cena podana na stronie produktu stanowi <strong data-start=\"542\" data-end=\"593\">maksymalny standardowy koszt naprawy sterownika<\/strong>.<\/p><p data-start=\"596\" data-end=\"734\">Ka\u017cde zlecenie rozpoczyna si\u0119 od diagnostyki urz\u0105dzenia. Ostateczny zakres prac oraz koszt us\u0142ugi zale\u017cy od stanu technicznego sterownika.<\/p><h2 data-section-id=\"1deu7zi\" data-start=\"741\" data-end=\"768\"><span role=\"text\"><strong data-start=\"744\" data-end=\"768\">Mo\u017cliwe scenariusze:<\/strong><\/span><\/h2><h3 data-section-id=\"1p0iv31\" data-start=\"770\" data-end=\"811\">1. Sterownik sprawny (brak usterek)<\/h3><p data-start=\"697\" data-end=\"771\">W przypadku braku wykrycia usterek wykonywana jest diagnostyka urz\u0105dzenia.<\/p><p data-start=\"773\" data-end=\"790\">Koszt: <strong data-start=\"780\" data-end=\"790\">199 z\u0142<\/strong><\/p><p data-start=\"792\" data-end=\"932\">Po przeprowadzeniu diagnostyki klient mo\u017ce zdecydowa\u0107 o wykonaniu dodatkowej us\u0142ugi czyszczenia, zabezpieczenia oraz konserwacji sterownika.<\/p><p data-start=\"934\" data-end=\"1019\">Koszt dodatkowej us\u0142ugi: <strong data-start=\"959\" data-end=\"980\">299 z\u0142 lub 399 z\u0142<\/strong> (w zale\u017cno\u015bci od generacji sterownika)<\/p><p data-start=\"1021\" data-end=\"1092\">Us\u0142uga dodatkowa realizowana jest wy\u0142\u0105cznie po uzyskaniu zgody klienta.<\/p><h3 data-section-id=\"12crwag\" data-start=\"968\" data-end=\"1001\">2. Sterownik wymaga naprawy<\/h3><p data-start=\"1002\" data-end=\"1103\">Przeprowadzana jest standardowa naprawa.<br data-start=\"1042\" data-end=\"1045\" \/>Koszt: <strong data-start=\"1052\" data-end=\"1103\">do maksymalnej ceny podanej na stronie produktu<\/strong><\/p><h3 data-section-id=\"1x7v9js\" data-start=\"1110\" data-end=\"1157\">3. Sterownik nienaprawialny (standardowo)<\/h3><p data-start=\"1158\" data-end=\"1269\">W przypadku braku mo\u017cliwo\u015bci naprawy klient ponosi koszt diagnostyki oraz wysy\u0142ki zwrotnej.<br data-start=\"1249\" data-end=\"1252\" \/>Koszt: <strong data-start=\"1259\" data-end=\"1269\">199 z\u0142<\/strong><\/p><h3 data-section-id=\"n1vd24\" data-start=\"1276\" data-end=\"1329\">4. Powa\u017cne uszkodzenia (naprawa niestandardowa)<\/h3><p data-start=\"1330\" data-end=\"1439\">W przypadku powa\u017cnych uszkodze\u0144 (np. uszkodzona lub spalona p\u0142ytka PCB), mo\u017cliwa jest naprawa niestandardowa.<\/p><p data-start=\"1441\" data-end=\"1459\">W takiej sytuacji:<\/p><ul data-start=\"1460\" data-end=\"1577\"><li data-section-id=\"nchbl8\" data-start=\"1460\" data-end=\"1518\">koszt naprawy mo\u017ce przekroczy\u0107 standardow\u0105 cen\u0119 us\u0142ugi<\/li><li data-section-id=\"ep2416\" data-start=\"1519\" data-end=\"1577\">klient zostanie skontaktowany przed realizacj\u0105 naprawy<\/li><\/ul><p data-start=\"1579\" data-end=\"1642\">Naprawa zostanie wykonana wy\u0142\u0105cznie po uzyskaniu zgody klienta.<\/p><h2 data-section-id=\"kyiobt\" data-start=\"1649\" data-end=\"1674\"><span role=\"text\"><strong data-start=\"1652\" data-end=\"1674\">Zasady rozliczenia<\/strong><\/span><\/h2><p data-start=\"1676\" data-end=\"1747\">Rozliczenie odbywa si\u0119 zgodnie z rzeczywistym zakresem wykonanych prac.<\/p><p data-start=\"1749\" data-end=\"1822\">Op\u0142ata diagnostyczna mo\u017ce zosta\u0107 naliczona niezale\u017cnie od wyniku naprawy.<\/p><p data-start=\"1824\" data-end=\"1941\">Serwis nie ponosi odpowiedzialno\u015bci za usterki niezwi\u0105zane z zakresem wykonanej us\u0142ugi diagnostycznej lub naprawczej.<\/p><p data-start=\"1824\" data-end=\"1941\">Wszystkie ceny podane na stronie s\u0105 cenami ko\u0144cowymi. Sprzedawca korzysta ze zwolnienia z podatku VAT zgodnie z obowi\u0105zuj\u0105cymi przepisami prawa.<\/p>\t\t\t\t\t\t\t\t<\/div>\n\t\t\t\t<\/div>\n\t\t\t\t\t<\/div>\n\t\t\t\t<\/div>\n\t\t\t\t<\/div>\n\t\t","protected":false},"excerpt":{"rendered":"<p>Dost\u0119pne metody p\u0142atno\u015bci mog\u0105 si\u0119 r\u00f3\u017cni\u0107 w zale\u017cno\u015bci od dost\u0119pno\u015bci dla danego zam\u00f3wienia oraz adresu rozliczeniowego klienta. W przypadku braku mo\u017cliwo\u015bci skorzystania z p\u0142atno\u015bci za pobraniem, wymagana jest przedp\u0142ata przed realizacj\u0105 us\u0142ugi. W takich przypadkach rozliczenie ko\u0144cowe odbywa si\u0119 na podstawie rzeczywistego zakresu wykonanych prac, a ewentualna r\u00f3\u017cnica mo\u017ce zosta\u0107 zwr\u00f3cona klientowi. Cena podana na [&hellip;]<\/p>\n","protected":false},"author":1,"featured_media":0,"parent":0,"menu_order":0,"comment_status":"closed","ping_status":"closed","template":"","meta":{"footnotes":""},"class_list":["post-1627","page","type-page","status-publish","hentry"],"blocksy_meta":[],"_links":{"self":[{"href":"https:\/\/www.haldexserwis.eu\/index.php\/wp-json\/wp\/v2\/pages\/1627","targetHints":{"allow":["GET"]}}],"collection":[{"href":"https:\/\/www.haldexserwis.eu\/index.php\/wp-json\/wp\/v2\/pages"}],"about":[{"href":"https:\/\/www.haldexserwis.eu\/index.php\/wp-json\/wp\/v2\/types\/page"}],"author":[{"embeddable":true,"href":"https:\/\/www.haldexserwis.eu\/index.php\/wp-json\/wp\/v2\/users\/1"}],"replies":[{"embeddable":true,"href":"https:\/\/www.haldexserwis.eu\/index.php\/wp-json\/wp\/v2\/comments?post=1627"}],"version-history":[{"count":35,"href":"https:\/\/www.haldexserwis.eu\/index.php\/wp-json\/wp\/v2\/pages\/1627\/revisions"}],"predecessor-version":[{"id":3049,"href":"https:\/\/www.haldexserwis.eu\/index.php\/wp-json\/wp\/v2\/pages\/1627\/revisions\/3049"}],"wp:attachment":[{"href":"https:\/\/www.haldexserwis.eu\/index.php\/wp-json\/wp\/v2\/media?parent=1627"}],"curies":[{"name":"wp","href":"https:\/\/api.w.org\/{rel}","templated":true}]}}